{"id":130,"date":"2023-10-20T13:37:24","date_gmt":"2023-10-20T11:37:24","guid":{"rendered":"https:\/\/btsndrcchopin.fr\/?page_id=130"},"modified":"2023-11-08T11:47:12","modified_gmt":"2023-11-08T10:47:12","slug":"la-negociation-vente","status":"publish","type":"page","link":"https:\/\/btsndrcchopin.fr\/index.php\/la-negociation-vente\/","title":{"rendered":"La n\u00e9gociation vente"},"content":{"rendered":"\n<h2 class=\"wp-block-heading\">La N\u00e9gociation-vente du BTS NDRC \u00e0 Chopin<\/h2>\n\n\n<div class=\"wp-block-image\">\n<figure class=\"aligncenter size-large\"><img data-recalc-dims=\"1\" height=\"633\" width=\"950\" decoding=\"async\" src=\"https:\/\/i0.wp.com\/wp25-c12699-4.btsndrc.ac\/wp-content\/uploads\/2023\/10\/consulting-2204253_1280-1024x682.png?resize=950%2C633&#038;ssl=1\" alt=\"n\u00e9gociation-vente BTS NDRC Chopin\" class=\"wp-image-399\"\/><\/figure>\n<\/div>\n\n\n<p>Le <a href=\"http:\/\/www.lycee-chopin.fr\/bts-negociation-et-relation-clients\" target=\"_blank\" rel=\"noreferrer noopener\">BTS NDRC \u00e0 Chopin<\/a> comprend plusieurs mati\u00e8res professionnelles, dont la n\u00e9gociation-vente.<\/p>\n\n\n\n<p>La mati\u00e8re n\u00e9gociation-vente permet d&rsquo;explorer tout type de relation client\u00e8le et d&rsquo;acqu\u00e9rir des comp\u00e9tences dans l&rsquo;animation et la n\u00e9gociation commerciale.<\/p>\n\n\n\n<h2 class=\"wp-block-heading\">Le programme<\/h2>\n\n\n<div class=\"wp-block-image\">\n<figure class=\"aligncenter size-large\"><img data-recalc-dims=\"1\" height=\"534\" width=\"950\" decoding=\"async\" src=\"https:\/\/i0.wp.com\/wp25-c12699-4.btsndrc.ac\/wp-content\/uploads\/2023\/10\/business-2082639_1280-1024x576.jpg?resize=950%2C534&#038;ssl=1\" alt=\"n\u00e9gociation-vente BTS NDRC Chopin programme\" class=\"wp-image-403\"\/><\/figure>\n<\/div>\n\n\n<p>La mati\u00e8re repr\u00e9sente 360 heures effectu\u00e9es au cours des deux ann\u00e9es, soit 180 heures par an.<\/p>\n\n\n\n<p>Il y a 6 heures de n\u00e9gociation par semaine, mais qui sont divis\u00e9es en deux parties : une partie th\u00e9orique et une partie pratique.<\/p>\n\n\n\n<h3 class=\"wp-block-heading\">Partie th\u00e9orique<\/h3>\n\n\n\n<p>La partie th\u00e9orique concerne l&rsquo;apprentissage et les le\u00e7ons qui repr\u00e9sentent 4 heures par semaine. Le mat\u00e9riel utilis\u00e9 est principalement un manuel qui regroupe l&rsquo;apprentissage des deux ann\u00e9es. 16 chapitres sont \u00e0 traiter au cours des deux ann\u00e9es. Les comp\u00e9tences sont de : segmenter le portefeuille clients et d&rsquo;identifier des cibles de client\u00e8le, mettre en \u0153uvre une d\u00e9marche de prospection et l&rsquo;\u00e9valuer, d\u00e9velopper des r\u00e9seaux professionnels, n\u00e9gocier et vendre une solution adapt\u00e9e au client, participer \u00e0 des salons, ect.<\/p>\n\n\n\n<h3 class=\"wp-block-heading\">Partie pratique<\/h3>\n\n\n\n<p>La partie pratique repr\u00e9sente les TD. Elle dure environ 2 heures par semaine. Il y a diverses activit\u00e9s r\u00e9alis\u00e9es pendant ces TD, notamment : des simulations de cas de n\u00e9gociation, des fiches E4, des travaux concernant les stages, etc. Les objectifs sont de mettre en avant l&rsquo;autonomie, la comp\u00e9tence orale et technologique.<\/p>\n\n\n\n<h2 class=\"wp-block-heading\">Les comp\u00e9tences d\u00e9velopp\u00e9es<\/h2>\n\n\n<div class=\"wp-block-image\">\n<figure class=\"aligncenter size-large\"><img data-recalc-dims=\"1\" height=\"410\" width=\"950\" decoding=\"async\" src=\"https:\/\/i0.wp.com\/wp25-c12699-4.btsndrc.ac\/wp-content\/uploads\/2023\/10\/business-3639565_1280-1024x442.jpg?resize=950%2C410&#038;ssl=1\" alt=\"n\u00e9gociation-vente BTS NDRC Chopin comp\u00e9tences\" class=\"wp-image-388\"\/><\/figure>\n<\/div>\n\n\n<p>Durant ces deux ann\u00e9es de formation, ainsi que dans cette mati\u00e8re, plusieurs comp\u00e9tences seront d\u00e9velopp\u00e9es.  En effet, elle valorise la communication, la n\u00e9gociation, le management d\u2019\u00e9quipe, l\u2019organisation et les technologies num\u00e9riques.<\/p>\n\n\n\n<p>De plus, elle met en avant le sens de l\u2019action, l\u2019autonomie (notamment pendant les TD), la motivation, le sens du contact mais aussi l\u2019esprit d\u2019\u00e9quipe.<\/p>\n\n\n\n<p>Ces comp\u00e9tences sont essentielles pour d\u00e9boucher sur le m\u00e9tier de commercial.<\/p>\n\n\n\n<h2 class=\"wp-block-heading\">Epreuve<\/h2>\n\n\n\n<p>La n\u00e9gociation-vente repr\u00e9sente l&rsquo;\u00e9preuve E4 du BTS. Elle repr\u00e9sente un coefficient 5. Pour en savoir plus sur cette \u00e9preuve, <a href=\"https:\/\/wp25-c12699-4.btsndrc.ac\/e4\/\">cliquez ici<\/a>.<\/p>\n","protected":false},"excerpt":{"rendered":"<p>La N\u00e9gociation-vente du BTS NDRC \u00e0 Chopin Le BTS NDRC \u00e0 Chopin comprend plusieurs mati\u00e8res professionnelles, dont la n\u00e9gociation-vente. La mati\u00e8re n\u00e9gociation-vente permet d&rsquo;explorer tout type de relation client\u00e8le et d&rsquo;acqu\u00e9rir des comp\u00e9tences dans l&rsquo;animation et la n\u00e9gociation commerciale. Le programme La mati\u00e8re repr\u00e9sente 360 heures effectu\u00e9es au cours des deux ann\u00e9es, soit 180 heures &hellip; <\/p>\n<p class=\"link-more\"><a href=\"https:\/\/btsndrcchopin.fr\/index.php\/la-negociation-vente\/\" class=\"more-link\">Lire la suite de<span class=\"screen-reader-text\">\u00ab\u00a0La n\u00e9gociation vente\u00a0\u00bb<\/span><\/a><\/p>\n","protected":false},"author":1,"featured_media":895,"parent":0,"menu_order":0,"comment_status":"closed","ping_status":"closed","template":"","meta":{"jetpack_post_was_ever_published":false,"footnotes":""},"class_list":["post-130","page","type-page","status-publish","has-post-thumbnail","hentry"],"yoast_head":"<!-- This site is optimized with the Yoast SEO plugin v27.5 - https:\/\/yoast.com\/product\/yoast-seo-wordpress\/ -->\n<title>La n\u00e9gociation vente - BTS NDRC CHOPIN<\/title>\n<meta name=\"description\" content=\"Le BTS NDRC \u00e0 Chopin comprend plusieurs mati\u00e8res, dont la n\u00e9gociation vente. Elle permet d&#039;acqu\u00e9rir des comp\u00e9tences commerciales.\" \/>\n<meta name=\"robots\" content=\"index, follow, max-snippet:-1, max-image-preview:large, max-video-preview:-1\" \/>\n<link rel=\"canonical\" href=\"https:\/\/btsndrcchopin.fr\/index.php\/la-negociation-vente\/\" \/>\n<meta property=\"og:locale\" content=\"fr_FR\" \/>\n<meta property=\"og:type\" content=\"article\" \/>\n<meta property=\"og:title\" content=\"La n\u00e9gociation vente - BTS NDRC CHOPIN\" \/>\n<meta property=\"og:description\" content=\"Le BTS NDRC \u00e0 Chopin comprend plusieurs mati\u00e8res, dont la n\u00e9gociation vente. Elle permet d&#039;acqu\u00e9rir des comp\u00e9tences commerciales.\" \/>\n<meta property=\"og:url\" content=\"https:\/\/btsndrcchopin.fr\/index.php\/la-negociation-vente\/\" \/>\n<meta property=\"og:site_name\" content=\"BTS NDRC CHOPIN\" \/>\n<meta property=\"article:modified_time\" content=\"2023-11-08T10:47:12+00:00\" \/>\n<meta property=\"og:image\" content=\"https:\/\/btsndrcchopin.fr\/wp-content\/uploads\/2023\/11\/9OIG.jpg\" \/>\n\t<meta property=\"og:image:width\" content=\"351\" \/>\n\t<meta property=\"og:image:height\" content=\"351\" \/>\n\t<meta property=\"og:image:type\" content=\"image\/jpeg\" \/>\n<meta name=\"twitter:card\" content=\"summary_large_image\" \/>\n<meta name=\"twitter:label1\" content=\"Dur\u00e9e de lecture estim\u00e9e\" \/>\n\t<meta name=\"twitter:data1\" content=\"3 minutes\" \/>\n<script type=\"application\/ld+json\" class=\"yoast-schema-graph\">{\"@context\":\"https:\\\/\\\/schema.org\",\"@graph\":[{\"@type\":\"WebPage\",\"@id\":\"https:\\\/\\\/btsndrcchopin.fr\\\/index.php\\\/la-negociation-vente\\\/\",\"url\":\"https:\\\/\\\/btsndrcchopin.fr\\\/index.php\\\/la-negociation-vente\\\/\",\"name\":\"La n\u00e9gociation vente - BTS NDRC CHOPIN\",\"isPartOf\":{\"@id\":\"https:\\\/\\\/btsndrcchopin.fr\\\/#website\"},\"primaryImageOfPage\":{\"@id\":\"https:\\\/\\\/btsndrcchopin.fr\\\/index.php\\\/la-negociation-vente\\\/#primaryimage\"},\"image\":{\"@id\":\"https:\\\/\\\/btsndrcchopin.fr\\\/index.php\\\/la-negociation-vente\\\/#primaryimage\"},\"thumbnailUrl\":\"https:\\\/\\\/i0.wp.com\\\/btsndrcchopin.fr\\\/wp-content\\\/uploads\\\/2023\\\/11\\\/9OIG.jpg?fit=351%2C351&ssl=1\",\"datePublished\":\"2023-10-20T11:37:24+00:00\",\"dateModified\":\"2023-11-08T10:47:12+00:00\",\"description\":\"Le BTS NDRC \u00e0 Chopin comprend plusieurs mati\u00e8res, dont la n\u00e9gociation vente. Elle permet d'acqu\u00e9rir des comp\u00e9tences commerciales.\",\"breadcrumb\":{\"@id\":\"https:\\\/\\\/btsndrcchopin.fr\\\/index.php\\\/la-negociation-vente\\\/#breadcrumb\"},\"inLanguage\":\"fr-FR\",\"potentialAction\":[{\"@type\":\"ReadAction\",\"target\":[\"https:\\\/\\\/btsndrcchopin.fr\\\/index.php\\\/la-negociation-vente\\\/\"]}]},{\"@type\":\"ImageObject\",\"inLanguage\":\"fr-FR\",\"@id\":\"https:\\\/\\\/btsndrcchopin.fr\\\/index.php\\\/la-negociation-vente\\\/#primaryimage\",\"url\":\"https:\\\/\\\/i0.wp.com\\\/btsndrcchopin.fr\\\/wp-content\\\/uploads\\\/2023\\\/11\\\/9OIG.jpg?fit=351%2C351&ssl=1\",\"contentUrl\":\"https:\\\/\\\/i0.wp.com\\\/btsndrcchopin.fr\\\/wp-content\\\/uploads\\\/2023\\\/11\\\/9OIG.jpg?fit=351%2C351&ssl=1\",\"width\":351,\"height\":351,\"caption\":\"n\u00e9gociation commerciale ndrc\"},{\"@type\":\"BreadcrumbList\",\"@id\":\"https:\\\/\\\/btsndrcchopin.fr\\\/index.php\\\/la-negociation-vente\\\/#breadcrumb\",\"itemListElement\":[{\"@type\":\"ListItem\",\"position\":1,\"name\":\"Accueil\",\"item\":\"https:\\\/\\\/btsndrcchopin.fr\\\/\"},{\"@type\":\"ListItem\",\"position\":2,\"name\":\"La n\u00e9gociation vente\"}]},{\"@type\":\"WebSite\",\"@id\":\"https:\\\/\\\/btsndrcchopin.fr\\\/#website\",\"url\":\"https:\\\/\\\/btsndrcchopin.fr\\\/\",\"name\":\"BTS NDRC CHOPIN\",\"description\":\"L&#039;excellence commerciale au coeur du monde digital ! Rejoignez-nous !\",\"publisher\":{\"@id\":\"https:\\\/\\\/btsndrcchopin.fr\\\/#organization\"},\"potentialAction\":[{\"@type\":\"SearchAction\",\"target\":{\"@type\":\"EntryPoint\",\"urlTemplate\":\"https:\\\/\\\/btsndrcchopin.fr\\\/?s={search_term_string}\"},\"query-input\":{\"@type\":\"PropertyValueSpecification\",\"valueRequired\":true,\"valueName\":\"search_term_string\"}}],\"inLanguage\":\"fr-FR\"},{\"@type\":\"Organization\",\"@id\":\"https:\\\/\\\/btsndrcchopin.fr\\\/#organization\",\"name\":\"BTS NDRC CHOPIN\",\"url\":\"https:\\\/\\\/btsndrcchopin.fr\\\/\",\"logo\":{\"@type\":\"ImageObject\",\"inLanguage\":\"fr-FR\",\"@id\":\"https:\\\/\\\/btsndrcchopin.fr\\\/#\\\/schema\\\/logo\\\/image\\\/\",\"url\":\"https:\\\/\\\/i0.wp.com\\\/btsndrcchopin.fr\\\/wp-content\\\/uploads\\\/2026\\\/02\\\/cropped-NOUVEAU-LOGO-2026.png?fit=1023%2C1023&ssl=1\",\"contentUrl\":\"https:\\\/\\\/i0.wp.com\\\/btsndrcchopin.fr\\\/wp-content\\\/uploads\\\/2026\\\/02\\\/cropped-NOUVEAU-LOGO-2026.png?fit=1023%2C1023&ssl=1\",\"width\":1023,\"height\":1023,\"caption\":\"BTS NDRC CHOPIN\"},\"image\":{\"@id\":\"https:\\\/\\\/btsndrcchopin.fr\\\/#\\\/schema\\\/logo\\\/image\\\/\"},\"sameAs\":[\"https:\\\/\\\/www.linkedin.com\\\/in\\\/bts-ndrc-chopin-5430aa124\\\/\"]}]}<\/script>\n<!-- \/ Yoast SEO plugin. -->","yoast_head_json":{"title":"La n\u00e9gociation vente - BTS NDRC CHOPIN","description":"Le BTS NDRC \u00e0 Chopin comprend plusieurs mati\u00e8res, dont la n\u00e9gociation vente. Elle permet d'acqu\u00e9rir des comp\u00e9tences commerciales.","robots":{"index":"index","follow":"follow","max-snippet":"max-snippet:-1","max-image-preview":"max-image-preview:large","max-video-preview":"max-video-preview:-1"},"canonical":"https:\/\/btsndrcchopin.fr\/index.php\/la-negociation-vente\/","og_locale":"fr_FR","og_type":"article","og_title":"La n\u00e9gociation vente - BTS NDRC CHOPIN","og_description":"Le BTS NDRC \u00e0 Chopin comprend plusieurs mati\u00e8res, dont la n\u00e9gociation vente. Elle permet d'acqu\u00e9rir des comp\u00e9tences commerciales.","og_url":"https:\/\/btsndrcchopin.fr\/index.php\/la-negociation-vente\/","og_site_name":"BTS NDRC CHOPIN","article_modified_time":"2023-11-08T10:47:12+00:00","og_image":[{"width":351,"height":351,"url":"https:\/\/btsndrcchopin.fr\/wp-content\/uploads\/2023\/11\/9OIG.jpg","type":"image\/jpeg"}],"twitter_card":"summary_large_image","twitter_misc":{"Dur\u00e9e de lecture estim\u00e9e":"3 minutes"},"schema":{"@context":"https:\/\/schema.org","@graph":[{"@type":"WebPage","@id":"https:\/\/btsndrcchopin.fr\/index.php\/la-negociation-vente\/","url":"https:\/\/btsndrcchopin.fr\/index.php\/la-negociation-vente\/","name":"La n\u00e9gociation vente - BTS NDRC CHOPIN","isPartOf":{"@id":"https:\/\/btsndrcchopin.fr\/#website"},"primaryImageOfPage":{"@id":"https:\/\/btsndrcchopin.fr\/index.php\/la-negociation-vente\/#primaryimage"},"image":{"@id":"https:\/\/btsndrcchopin.fr\/index.php\/la-negociation-vente\/#primaryimage"},"thumbnailUrl":"https:\/\/i0.wp.com\/btsndrcchopin.fr\/wp-content\/uploads\/2023\/11\/9OIG.jpg?fit=351%2C351&ssl=1","datePublished":"2023-10-20T11:37:24+00:00","dateModified":"2023-11-08T10:47:12+00:00","description":"Le BTS NDRC \u00e0 Chopin comprend plusieurs mati\u00e8res, dont la n\u00e9gociation vente. Elle permet d'acqu\u00e9rir des comp\u00e9tences commerciales.","breadcrumb":{"@id":"https:\/\/btsndrcchopin.fr\/index.php\/la-negociation-vente\/#breadcrumb"},"inLanguage":"fr-FR","potentialAction":[{"@type":"ReadAction","target":["https:\/\/btsndrcchopin.fr\/index.php\/la-negociation-vente\/"]}]},{"@type":"ImageObject","inLanguage":"fr-FR","@id":"https:\/\/btsndrcchopin.fr\/index.php\/la-negociation-vente\/#primaryimage","url":"https:\/\/i0.wp.com\/btsndrcchopin.fr\/wp-content\/uploads\/2023\/11\/9OIG.jpg?fit=351%2C351&ssl=1","contentUrl":"https:\/\/i0.wp.com\/btsndrcchopin.fr\/wp-content\/uploads\/2023\/11\/9OIG.jpg?fit=351%2C351&ssl=1","width":351,"height":351,"caption":"n\u00e9gociation commerciale ndrc"},{"@type":"BreadcrumbList","@id":"https:\/\/btsndrcchopin.fr\/index.php\/la-negociation-vente\/#breadcrumb","itemListElement":[{"@type":"ListItem","position":1,"name":"Accueil","item":"https:\/\/btsndrcchopin.fr\/"},{"@type":"ListItem","position":2,"name":"La n\u00e9gociation vente"}]},{"@type":"WebSite","@id":"https:\/\/btsndrcchopin.fr\/#website","url":"https:\/\/btsndrcchopin.fr\/","name":"BTS NDRC CHOPIN","description":"L&#039;excellence commerciale au coeur du monde digital ! Rejoignez-nous !","publisher":{"@id":"https:\/\/btsndrcchopin.fr\/#organization"},"potentialAction":[{"@type":"SearchAction","target":{"@type":"EntryPoint","urlTemplate":"https:\/\/btsndrcchopin.fr\/?s={search_term_string}"},"query-input":{"@type":"PropertyValueSpecification","valueRequired":true,"valueName":"search_term_string"}}],"inLanguage":"fr-FR"},{"@type":"Organization","@id":"https:\/\/btsndrcchopin.fr\/#organization","name":"BTS NDRC CHOPIN","url":"https:\/\/btsndrcchopin.fr\/","logo":{"@type":"ImageObject","inLanguage":"fr-FR","@id":"https:\/\/btsndrcchopin.fr\/#\/schema\/logo\/image\/","url":"https:\/\/i0.wp.com\/btsndrcchopin.fr\/wp-content\/uploads\/2026\/02\/cropped-NOUVEAU-LOGO-2026.png?fit=1023%2C1023&ssl=1","contentUrl":"https:\/\/i0.wp.com\/btsndrcchopin.fr\/wp-content\/uploads\/2026\/02\/cropped-NOUVEAU-LOGO-2026.png?fit=1023%2C1023&ssl=1","width":1023,"height":1023,"caption":"BTS NDRC CHOPIN"},"image":{"@id":"https:\/\/btsndrcchopin.fr\/#\/schema\/logo\/image\/"},"sameAs":["https:\/\/www.linkedin.com\/in\/bts-ndrc-chopin-5430aa124\/"]}]}},"jetpack_sharing_enabled":true,"_links":{"self":[{"href":"https:\/\/btsndrcchopin.fr\/index.php\/wp-json\/wp\/v2\/pages\/130","targetHints":{"allow":["GET"]}}],"collection":[{"href":"https:\/\/btsndrcchopin.fr\/index.php\/wp-json\/wp\/v2\/pages"}],"about":[{"href":"https:\/\/btsndrcchopin.fr\/index.php\/wp-json\/wp\/v2\/types\/page"}],"author":[{"embeddable":true,"href":"https:\/\/btsndrcchopin.fr\/index.php\/wp-json\/wp\/v2\/users\/1"}],"replies":[{"embeddable":true,"href":"https:\/\/btsndrcchopin.fr\/index.php\/wp-json\/wp\/v2\/comments?post=130"}],"version-history":[{"count":3,"href":"https:\/\/btsndrcchopin.fr\/index.php\/wp-json\/wp\/v2\/pages\/130\/revisions"}],"predecessor-version":[{"id":935,"href":"https:\/\/btsndrcchopin.fr\/index.php\/wp-json\/wp\/v2\/pages\/130\/revisions\/935"}],"wp:featuredmedia":[{"embeddable":true,"href":"https:\/\/btsndrcchopin.fr\/index.php\/wp-json\/wp\/v2\/media\/895"}],"wp:attachment":[{"href":"https:\/\/btsndrcchopin.fr\/index.php\/wp-json\/wp\/v2\/media?parent=130"}],"curies":[{"name":"wp","href":"https:\/\/api.w.org\/{rel}","templated":true}]}}