{"id":145,"date":"2023-10-20T13:39:36","date_gmt":"2023-10-20T11:39:36","guid":{"rendered":"https:\/\/btsndrcchopin.fr\/?page_id=145"},"modified":"2023-10-30T17:19:37","modified_gmt":"2023-10-30T16:19:37","slug":"cejm","status":"publish","type":"page","link":"https:\/\/btsndrcchopin.fr\/index.php\/cejm\/","title":{"rendered":"CEJM"},"content":{"rendered":"\n<figure class=\"wp-block-gallery has-nested-images columns-default is-cropped wp-block-gallery-1 is-layout-flex wp-block-gallery-is-layout-flex\">\n<figure class=\"wp-block-image size-large\"><img data-recalc-dims=\"1\" loading=\"lazy\" decoding=\"async\" width=\"950\" height=\"634\" data-id=\"576\" src=\"https:\/\/i0.wp.com\/btsndrcchopin.fr\/wp-content\/uploads\/2023\/10\/arrangement-concept-verite-equilibre_23-2149051291.jpg?resize=950%2C634&#038;ssl=1\" alt=\"CEJM BTS NDRC CHOPIN\" class=\"wp-image-576\" srcset=\"https:\/\/i0.wp.com\/btsndrcchopin.fr\/wp-content\/uploads\/2023\/10\/arrangement-concept-verite-equilibre_23-2149051291.jpg?resize=1024%2C683&amp;ssl=1 1024w, https:\/\/i0.wp.com\/btsndrcchopin.fr\/wp-content\/uploads\/2023\/10\/arrangement-concept-verite-equilibre_23-2149051291.jpg?resize=300%2C200&amp;ssl=1 300w, https:\/\/i0.wp.com\/btsndrcchopin.fr\/wp-content\/uploads\/2023\/10\/arrangement-concept-verite-equilibre_23-2149051291.jpg?resize=768%2C512&amp;ssl=1 768w, https:\/\/i0.wp.com\/btsndrcchopin.fr\/wp-content\/uploads\/2023\/10\/arrangement-concept-verite-equilibre_23-2149051291.jpg?w=1380&amp;ssl=1 1380w\" sizes=\"auto, (max-width: 950px) 100vw, 950px\" \/><\/figure>\n\n\n\n<figure class=\"wp-block-image size-large\"><img data-recalc-dims=\"1\" loading=\"lazy\" decoding=\"async\" width=\"950\" height=\"534\" data-id=\"577\" src=\"https:\/\/i0.wp.com\/btsndrcchopin.fr\/wp-content\/uploads\/2023\/10\/assortiment-elements-commerciaux-vue-face_23-2148793759.jpg?resize=950%2C534&#038;ssl=1\" alt=\"CEJM BTS NDRC CHOPIN\" class=\"wp-image-577\" srcset=\"https:\/\/i0.wp.com\/btsndrcchopin.fr\/wp-content\/uploads\/2023\/10\/assortiment-elements-commerciaux-vue-face_23-2148793759.jpg?resize=1024%2C576&amp;ssl=1 1024w, https:\/\/i0.wp.com\/btsndrcchopin.fr\/wp-content\/uploads\/2023\/10\/assortiment-elements-commerciaux-vue-face_23-2148793759.jpg?resize=300%2C169&amp;ssl=1 300w, https:\/\/i0.wp.com\/btsndrcchopin.fr\/wp-content\/uploads\/2023\/10\/assortiment-elements-commerciaux-vue-face_23-2148793759.jpg?resize=768%2C432&amp;ssl=1 768w, https:\/\/i0.wp.com\/btsndrcchopin.fr\/wp-content\/uploads\/2023\/10\/assortiment-elements-commerciaux-vue-face_23-2148793759.jpg?w=1480&amp;ssl=1 1480w\" sizes=\"auto, (max-width: 950px) 100vw, 950px\" \/><\/figure>\n\n\n\n<figure class=\"wp-block-image size-large\"><img data-recalc-dims=\"1\" loading=\"lazy\" decoding=\"async\" width=\"950\" height=\"631\" data-id=\"578\" src=\"https:\/\/i0.wp.com\/btsndrcchopin.fr\/wp-content\/uploads\/2023\/10\/Capture.png?resize=950%2C631&#038;ssl=1\" alt=\"CEJM BTS NDRC CHOPIN\" class=\"wp-image-578\" srcset=\"https:\/\/i0.wp.com\/btsndrcchopin.fr\/wp-content\/uploads\/2023\/10\/Capture.png?w=975&amp;ssl=1 975w, https:\/\/i0.wp.com\/btsndrcchopin.fr\/wp-content\/uploads\/2023\/10\/Capture.png?resize=300%2C199&amp;ssl=1 300w, https:\/\/i0.wp.com\/btsndrcchopin.fr\/wp-content\/uploads\/2023\/10\/Capture.png?resize=768%2C510&amp;ssl=1 768w\" sizes=\"auto, (max-width: 950px) 100vw, 950px\" \/><\/figure>\n<\/figure>\n\n\n\n<p class=\"has-small-font-size\">La <strong>CEJM<\/strong> occupe une place centrale dans le cursus du BTS N\u00e9gociation et Digitalisation de la Relation Client (NDRC) sur le site <a href=\"https:\/\/wp28-c12699-4.btsndrc.ac\/wp-admin\/post.php?post=2&amp;action=edit\">My BTS NDRC CHOPIN<\/a>. Cette page vous pr\u00e9sentera sa n\u00e9cessit\u00e9 au sein de votre formation. Ce qui concerne les th\u00e8mes explor\u00e9s, les comp\u00e9tences d\u00e9velopp\u00e9es, les notions abord\u00e9es, ainsi que la fr\u00e9quence des cours.<\/p>\n\n\n\n<h2 class=\"wp-block-heading\" style=\"text-transform:uppercase\"><strong>L&rsquo;essence de la mati\u00e8re <\/strong><\/h2>\n\n\n\n<p class=\"has-small-font-size\">La <strong>CEJM<\/strong> d\u00e9signe la Culture \u00e9conomique, juridique et manag\u00e9riale appliqu\u00e9e. Cette mati\u00e8re traite les aspects \u00e9conomiques, juridiques et manag\u00e9riaux des entreprises. C&rsquo;est essentiel pour travailler efficacement dans le monde professionnel. Les connaissances acquises dans cette mati\u00e8re sont essentielles pour travailler dans divers domaines tels que la comptabilit\u00e9, la gestion, le marketing, les ressources humaines, et bien d&rsquo;autres. Elle aide \u00e9galement les \u00e9tudiants \u00e0 d\u00e9velopper une vision globale de l&rsquo;environnement des affaires et \u00e0 prendre des d\u00e9cisions \u00e9clair\u00e9es dans leur carri\u00e8re professionnelle.<\/p>\n\n\n\n<p class=\"has-small-font-size\">En <strong>\u00e9conomie<\/strong>, nous apprenons les fondamentaux de l\u2019\u00e9conomie telle que l\u2019offre et la demande. Mais aussi les march\u00e9s, la concurrence, les politiques \u00e9conomiques, la croissance \u00e9conomique, l&rsquo;inflation, et le ch\u00f4mage. Cela nous permet d\u2019interpr\u00e9ter les indicateurs \u00e9conomiques, ainsi qu&rsquo;\u00e0 comprendre les enjeux \u00e9conomiques actuels \u00e0 l&rsquo;\u00e9chelle nationale et internationale.\u00a0<br><br>En <strong>Culture Juridique<\/strong>, nous d\u00e9couvrons le cadre l\u00e9gal dans lequel \u00e9voluent les entreprises. Ce qui inclut l&rsquo;\u00e9tude du droit commercial, du droit du travail, du droit des contrats, du droit des soci\u00e9t\u00e9s, du droit de la consommation ainsi que d\u2019autres domaines juridiques. Cela nous permet d\u2019identifier les principales lois et r\u00e9glementations qui r\u00e9gissent les activit\u00e9s \u00e9conomiques et commerciale. De plus, \u00e7a permet aussi de comprendre les droits et les responsabilit\u00e9s des entreprises et de leurs employ\u00e9s.<\/p>\n\n\n\n<p class=\"has-small-font-size\">En <strong>Culture Manag\u00e9riale<\/strong> : cet aspect traitre les principes et les pratiques de gestion au sein des organisations. Ce qui offre la possibilit\u00e9 d\u2019identifier les principales lois et r\u00e9glementations qui r\u00e9gissent les activit\u00e9s \u00e9conomiques et commerciales. Ainsi qu\u2019\u00e0 comprendre les droits et les responsabilit\u00e9s des entreprises et de leurs employ\u00e9s.<\/p>\n\n\n\n<h2 class=\"wp-block-heading\" style=\"text-transform:uppercase\"><strong>La CEJM en r\u00e9sum\u00e9<\/strong><\/h2>\n\n\n\n<p class=\"has-small-font-size\">Pour r\u00e9sumer, la mati\u00e8re CEJM en BTS vise \u00e0 former des professionnels comp\u00e9tents. ils doivent \u00eatre capables de comprendre les d\u00e9fis \u00e9conomiques et juridiques auxquels sont confront\u00e9s les entreprises. Sans oublier le d\u00e9veloppant des comp\u00e9tences en gestion. Elle aide \u00e9galement les \u00e9tudiants \u00e0 d\u00e9velopper une vision globale de l\u2019environnement des affaires et \u00e0 prendre des d\u00e9cisions \u00e9clair\u00e9es dans leur carri\u00e8re professionnelle<\/p>\n\n\n\n<p><\/p>\n\n\n\n<div style=\"height:100px\" aria-hidden=\"true\" class=\"wp-block-spacer\"><\/div>\n","protected":false},"excerpt":{"rendered":"<p>La CEJM occupe une place centrale dans le cursus du BTS N\u00e9gociation et Digitalisation de la Relation Client (NDRC) sur le site My BTS NDRC CHOPIN. Cette page vous pr\u00e9sentera sa n\u00e9cessit\u00e9 au sein de votre formation. Ce qui concerne les th\u00e8mes explor\u00e9s, les comp\u00e9tences d\u00e9velopp\u00e9es, les notions abord\u00e9es, ainsi que la fr\u00e9quence des cours. &hellip; <\/p>\n<p class=\"link-more\"><a href=\"https:\/\/btsndrcchopin.fr\/index.php\/cejm\/\" class=\"more-link\">Lire la suite de<span class=\"screen-reader-text\">\u00ab\u00a0CEJM\u00a0\u00bb<\/span><\/a><\/p>\n","protected":false},"author":1,"featured_media":0,"parent":0,"menu_order":0,"comment_status":"closed","ping_status":"closed","template":"","meta":{"jetpack_post_was_ever_published":false,"footnotes":""},"class_list":["post-145","page","type-page","status-publish","hentry"],"yoast_head":"<!-- This site is optimized with the Yoast SEO plugin v27.4 - https:\/\/yoast.com\/product\/yoast-seo-wordpress\/ -->\n<title>CEJM - BTS NDRC CHOPIN<\/title>\n<meta name=\"description\" content=\"La CEJM correspond \u00e0 la Culture \u00e9conomique, juridique et manag\u00e9riale appliqu\u00e9e. Elle traite tous les aspects qui englobent l&#039;entreprise\" \/>\n<meta name=\"robots\" content=\"index, follow, max-snippet:-1, max-image-preview:large, max-video-preview:-1\" \/>\n<link rel=\"canonical\" href=\"https:\/\/btsndrcchopin.fr\/index.php\/cejm\/\" \/>\n<meta property=\"og:locale\" content=\"fr_FR\" \/>\n<meta property=\"og:type\" content=\"article\" \/>\n<meta property=\"og:title\" content=\"CEJM - BTS NDRC CHOPIN\" \/>\n<meta property=\"og:description\" content=\"La CEJM correspond \u00e0 la Culture \u00e9conomique, juridique et manag\u00e9riale appliqu\u00e9e. Elle traite tous les aspects qui englobent l&#039;entreprise\" \/>\n<meta property=\"og:url\" content=\"https:\/\/btsndrcchopin.fr\/index.php\/cejm\/\" \/>\n<meta property=\"og:site_name\" content=\"BTS NDRC CHOPIN\" \/>\n<meta property=\"article:modified_time\" content=\"2023-10-30T16:19:37+00:00\" \/>\n<meta property=\"og:image\" content=\"https:\/\/btsndrcchopin.fr\/wp-content\/uploads\/2023\/10\/arrangement-concept-verite-equilibre_23-2149051291-1024x683.jpg\" \/>\n<meta name=\"twitter:card\" content=\"summary_large_image\" \/>\n<meta name=\"twitter:label1\" content=\"Dur\u00e9e de lecture estim\u00e9e\" \/>\n\t<meta name=\"twitter:data1\" content=\"3 minutes\" \/>\n<script type=\"application\/ld+json\" class=\"yoast-schema-graph\">{\"@context\":\"https:\\\/\\\/schema.org\",\"@graph\":[{\"@type\":\"WebPage\",\"@id\":\"https:\\\/\\\/btsndrcchopin.fr\\\/index.php\\\/cejm\\\/\",\"url\":\"https:\\\/\\\/btsndrcchopin.fr\\\/index.php\\\/cejm\\\/\",\"name\":\"CEJM - BTS NDRC CHOPIN\",\"isPartOf\":{\"@id\":\"https:\\\/\\\/btsndrcchopin.fr\\\/#website\"},\"primaryImageOfPage\":{\"@id\":\"https:\\\/\\\/btsndrcchopin.fr\\\/index.php\\\/cejm\\\/#primaryimage\"},\"image\":{\"@id\":\"https:\\\/\\\/btsndrcchopin.fr\\\/index.php\\\/cejm\\\/#primaryimage\"},\"thumbnailUrl\":\"https:\\\/\\\/btsndrcchopin.fr\\\/wp-content\\\/uploads\\\/2023\\\/10\\\/arrangement-concept-verite-equilibre_23-2149051291-1024x683.jpg\",\"datePublished\":\"2023-10-20T11:39:36+00:00\",\"dateModified\":\"2023-10-30T16:19:37+00:00\",\"description\":\"La CEJM correspond \u00e0 la Culture \u00e9conomique, juridique et manag\u00e9riale appliqu\u00e9e. Elle traite tous les aspects qui englobent l'entreprise\",\"breadcrumb\":{\"@id\":\"https:\\\/\\\/btsndrcchopin.fr\\\/index.php\\\/cejm\\\/#breadcrumb\"},\"inLanguage\":\"fr-FR\",\"potentialAction\":[{\"@type\":\"ReadAction\",\"target\":[\"https:\\\/\\\/btsndrcchopin.fr\\\/index.php\\\/cejm\\\/\"]}]},{\"@type\":\"ImageObject\",\"inLanguage\":\"fr-FR\",\"@id\":\"https:\\\/\\\/btsndrcchopin.fr\\\/index.php\\\/cejm\\\/#primaryimage\",\"url\":\"https:\\\/\\\/i0.wp.com\\\/btsndrcchopin.fr\\\/wp-content\\\/uploads\\\/2023\\\/10\\\/arrangement-concept-verite-equilibre_23-2149051291.jpg?fit=1380%2C920&ssl=1\",\"contentUrl\":\"https:\\\/\\\/i0.wp.com\\\/btsndrcchopin.fr\\\/wp-content\\\/uploads\\\/2023\\\/10\\\/arrangement-concept-verite-equilibre_23-2149051291.jpg?fit=1380%2C920&ssl=1\",\"width\":1380,\"height\":920},{\"@type\":\"BreadcrumbList\",\"@id\":\"https:\\\/\\\/btsndrcchopin.fr\\\/index.php\\\/cejm\\\/#breadcrumb\",\"itemListElement\":[{\"@type\":\"ListItem\",\"position\":1,\"name\":\"Accueil\",\"item\":\"https:\\\/\\\/btsndrcchopin.fr\\\/\"},{\"@type\":\"ListItem\",\"position\":2,\"name\":\"CEJM\"}]},{\"@type\":\"WebSite\",\"@id\":\"https:\\\/\\\/btsndrcchopin.fr\\\/#website\",\"url\":\"https:\\\/\\\/btsndrcchopin.fr\\\/\",\"name\":\"BTS NDRC CHOPIN\",\"description\":\"L&#039;excellence commerciale au coeur du monde digital ! Rejoignez-nous !\",\"publisher\":{\"@id\":\"https:\\\/\\\/btsndrcchopin.fr\\\/#organization\"},\"potentialAction\":[{\"@type\":\"SearchAction\",\"target\":{\"@type\":\"EntryPoint\",\"urlTemplate\":\"https:\\\/\\\/btsndrcchopin.fr\\\/?s={search_term_string}\"},\"query-input\":{\"@type\":\"PropertyValueSpecification\",\"valueRequired\":true,\"valueName\":\"search_term_string\"}}],\"inLanguage\":\"fr-FR\"},{\"@type\":\"Organization\",\"@id\":\"https:\\\/\\\/btsndrcchopin.fr\\\/#organization\",\"name\":\"BTS NDRC CHOPIN\",\"url\":\"https:\\\/\\\/btsndrcchopin.fr\\\/\",\"logo\":{\"@type\":\"ImageObject\",\"inLanguage\":\"fr-FR\",\"@id\":\"https:\\\/\\\/btsndrcchopin.fr\\\/#\\\/schema\\\/logo\\\/image\\\/\",\"url\":\"https:\\\/\\\/i0.wp.com\\\/btsndrcchopin.fr\\\/wp-content\\\/uploads\\\/2026\\\/02\\\/cropped-NOUVEAU-LOGO-2026.png?fit=1023%2C1023&ssl=1\",\"contentUrl\":\"https:\\\/\\\/i0.wp.com\\\/btsndrcchopin.fr\\\/wp-content\\\/uploads\\\/2026\\\/02\\\/cropped-NOUVEAU-LOGO-2026.png?fit=1023%2C1023&ssl=1\",\"width\":1023,\"height\":1023,\"caption\":\"BTS NDRC CHOPIN\"},\"image\":{\"@id\":\"https:\\\/\\\/btsndrcchopin.fr\\\/#\\\/schema\\\/logo\\\/image\\\/\"},\"sameAs\":[\"https:\\\/\\\/www.linkedin.com\\\/in\\\/bts-ndrc-chopin-5430aa124\\\/\"]}]}<\/script>\n<!-- \/ Yoast SEO plugin. -->","yoast_head_json":{"title":"CEJM - BTS NDRC CHOPIN","description":"La CEJM correspond \u00e0 la Culture \u00e9conomique, juridique et manag\u00e9riale appliqu\u00e9e. Elle traite tous les aspects qui englobent l'entreprise","robots":{"index":"index","follow":"follow","max-snippet":"max-snippet:-1","max-image-preview":"max-image-preview:large","max-video-preview":"max-video-preview:-1"},"canonical":"https:\/\/btsndrcchopin.fr\/index.php\/cejm\/","og_locale":"fr_FR","og_type":"article","og_title":"CEJM - BTS NDRC CHOPIN","og_description":"La CEJM correspond \u00e0 la Culture \u00e9conomique, juridique et manag\u00e9riale appliqu\u00e9e. Elle traite tous les aspects qui englobent l'entreprise","og_url":"https:\/\/btsndrcchopin.fr\/index.php\/cejm\/","og_site_name":"BTS NDRC CHOPIN","article_modified_time":"2023-10-30T16:19:37+00:00","og_image":[{"url":"https:\/\/btsndrcchopin.fr\/wp-content\/uploads\/2023\/10\/arrangement-concept-verite-equilibre_23-2149051291-1024x683.jpg","type":"","width":"","height":""}],"twitter_card":"summary_large_image","twitter_misc":{"Dur\u00e9e de lecture estim\u00e9e":"3 minutes"},"schema":{"@context":"https:\/\/schema.org","@graph":[{"@type":"WebPage","@id":"https:\/\/btsndrcchopin.fr\/index.php\/cejm\/","url":"https:\/\/btsndrcchopin.fr\/index.php\/cejm\/","name":"CEJM - BTS NDRC CHOPIN","isPartOf":{"@id":"https:\/\/btsndrcchopin.fr\/#website"},"primaryImageOfPage":{"@id":"https:\/\/btsndrcchopin.fr\/index.php\/cejm\/#primaryimage"},"image":{"@id":"https:\/\/btsndrcchopin.fr\/index.php\/cejm\/#primaryimage"},"thumbnailUrl":"https:\/\/btsndrcchopin.fr\/wp-content\/uploads\/2023\/10\/arrangement-concept-verite-equilibre_23-2149051291-1024x683.jpg","datePublished":"2023-10-20T11:39:36+00:00","dateModified":"2023-10-30T16:19:37+00:00","description":"La CEJM correspond \u00e0 la Culture \u00e9conomique, juridique et manag\u00e9riale appliqu\u00e9e. Elle traite tous les aspects qui englobent l'entreprise","breadcrumb":{"@id":"https:\/\/btsndrcchopin.fr\/index.php\/cejm\/#breadcrumb"},"inLanguage":"fr-FR","potentialAction":[{"@type":"ReadAction","target":["https:\/\/btsndrcchopin.fr\/index.php\/cejm\/"]}]},{"@type":"ImageObject","inLanguage":"fr-FR","@id":"https:\/\/btsndrcchopin.fr\/index.php\/cejm\/#primaryimage","url":"https:\/\/i0.wp.com\/btsndrcchopin.fr\/wp-content\/uploads\/2023\/10\/arrangement-concept-verite-equilibre_23-2149051291.jpg?fit=1380%2C920&ssl=1","contentUrl":"https:\/\/i0.wp.com\/btsndrcchopin.fr\/wp-content\/uploads\/2023\/10\/arrangement-concept-verite-equilibre_23-2149051291.jpg?fit=1380%2C920&ssl=1","width":1380,"height":920},{"@type":"BreadcrumbList","@id":"https:\/\/btsndrcchopin.fr\/index.php\/cejm\/#breadcrumb","itemListElement":[{"@type":"ListItem","position":1,"name":"Accueil","item":"https:\/\/btsndrcchopin.fr\/"},{"@type":"ListItem","position":2,"name":"CEJM"}]},{"@type":"WebSite","@id":"https:\/\/btsndrcchopin.fr\/#website","url":"https:\/\/btsndrcchopin.fr\/","name":"BTS NDRC CHOPIN","description":"L&#039;excellence commerciale au coeur du monde digital ! Rejoignez-nous !","publisher":{"@id":"https:\/\/btsndrcchopin.fr\/#organization"},"potentialAction":[{"@type":"SearchAction","target":{"@type":"EntryPoint","urlTemplate":"https:\/\/btsndrcchopin.fr\/?s={search_term_string}"},"query-input":{"@type":"PropertyValueSpecification","valueRequired":true,"valueName":"search_term_string"}}],"inLanguage":"fr-FR"},{"@type":"Organization","@id":"https:\/\/btsndrcchopin.fr\/#organization","name":"BTS NDRC CHOPIN","url":"https:\/\/btsndrcchopin.fr\/","logo":{"@type":"ImageObject","inLanguage":"fr-FR","@id":"https:\/\/btsndrcchopin.fr\/#\/schema\/logo\/image\/","url":"https:\/\/i0.wp.com\/btsndrcchopin.fr\/wp-content\/uploads\/2026\/02\/cropped-NOUVEAU-LOGO-2026.png?fit=1023%2C1023&ssl=1","contentUrl":"https:\/\/i0.wp.com\/btsndrcchopin.fr\/wp-content\/uploads\/2026\/02\/cropped-NOUVEAU-LOGO-2026.png?fit=1023%2C1023&ssl=1","width":1023,"height":1023,"caption":"BTS NDRC CHOPIN"},"image":{"@id":"https:\/\/btsndrcchopin.fr\/#\/schema\/logo\/image\/"},"sameAs":["https:\/\/www.linkedin.com\/in\/bts-ndrc-chopin-5430aa124\/"]}]}},"jetpack_sharing_enabled":true,"_links":{"self":[{"href":"https:\/\/btsndrcchopin.fr\/index.php\/wp-json\/wp\/v2\/pages\/145","targetHints":{"allow":["GET"]}}],"collection":[{"href":"https:\/\/btsndrcchopin.fr\/index.php\/wp-json\/wp\/v2\/pages"}],"about":[{"href":"https:\/\/btsndrcchopin.fr\/index.php\/wp-json\/wp\/v2\/types\/page"}],"author":[{"embeddable":true,"href":"https:\/\/btsndrcchopin.fr\/index.php\/wp-json\/wp\/v2\/users\/1"}],"replies":[{"embeddable":true,"href":"https:\/\/btsndrcchopin.fr\/index.php\/wp-json\/wp\/v2\/comments?post=145"}],"version-history":[{"count":10,"href":"https:\/\/btsndrcchopin.fr\/index.php\/wp-json\/wp\/v2\/pages\/145\/revisions"}],"predecessor-version":[{"id":585,"href":"https:\/\/btsndrcchopin.fr\/index.php\/wp-json\/wp\/v2\/pages\/145\/revisions\/585"}],"wp:attachment":[{"href":"https:\/\/btsndrcchopin.fr\/index.php\/wp-json\/wp\/v2\/media?parent=145"}],"curies":[{"name":"wp","href":"https:\/\/api.w.org\/{rel}","templated":true}]}}