{"id":157,"date":"2023-10-20T13:44:30","date_gmt":"2023-10-20T11:44:30","guid":{"rendered":"https:\/\/btsndrcchopin.fr\/?page_id=157"},"modified":"2023-11-08T12:56:37","modified_gmt":"2023-11-08T11:56:37","slug":"e3-cejm","status":"publish","type":"page","link":"https:\/\/btsndrcchopin.fr\/index.php\/e3-cejm\/","title":{"rendered":"E3 \/ CEJM"},"content":{"rendered":"\n<p><strong>E3 \/ CEJM : FINALIT\u00c9S ET OBJECTIFS<\/strong><\/p>\n\n\n\n<p><br>Cette \u00e9preuve vise \u00e0 \u00e9valuer les comp\u00e9tences acquises par le candidat dans le cadre de l\u2019unit\u00e9 3 ainsi<br>que sa capacit\u00e9 \u00e0 les mobiliser pour \u00e9clairer des probl\u00e9matiques de gestion d\u2019entreprise \u00e0 travers un<br>questionnement croisant les champs disciplinaires \u00e9conomique, juridique et manag\u00e9rial.<\/p>\n\n\n\n<p><br><strong>E3 \/ CEJM<\/strong> : <strong>MODALIT\u00c9S ET CRIT\u00c8RES D\u2019\u00c9VALUATION<\/strong><\/p>\n\n\n\n<p><br>L\u2019\u00e9preuve vise \u00e0 \u00e9valuer les comp\u00e9tences du candidat \u00e0 :<\/p>\n\n\n<div class=\"wp-block-image\">\n<figure class=\"aligncenter size-full is-resized\"><img data-recalc-dims=\"1\" loading=\"lazy\" decoding=\"async\" width=\"351\" height=\"351\" src=\"https:\/\/i0.wp.com\/btsndrcchopin.fr\/wp-content\/uploads\/2023\/11\/OIG.FqojjSJBZa4wUwapkI.jpg?resize=351%2C351&#038;ssl=1\" alt=\"CEJM NDRC CHOPIN\" class=\"wp-image-925\" style=\"aspect-ratio:1;width:471px;height:auto\" srcset=\"https:\/\/i0.wp.com\/btsndrcchopin.fr\/wp-content\/uploads\/2023\/11\/OIG.FqojjSJBZa4wUwapkI.jpg?w=351&amp;ssl=1 351w, https:\/\/i0.wp.com\/btsndrcchopin.fr\/wp-content\/uploads\/2023\/11\/OIG.FqojjSJBZa4wUwapkI.jpg?resize=300%2C300&amp;ssl=1 300w, https:\/\/i0.wp.com\/btsndrcchopin.fr\/wp-content\/uploads\/2023\/11\/OIG.FqojjSJBZa4wUwapkI.jpg?resize=150%2C150&amp;ssl=1 150w\" sizes=\"auto, (max-width: 351px) 100vw, 351px\" \/><\/figure>\n<\/div>\n\n\n<ul class=\"wp-block-list\">\n<li>analyser des situations auxquelles l\u2019entreprise est confront\u00e9e ;<\/li>\n\n\n\n<li>exploiter une base documentaire \u00e9conomique, juridique et manag\u00e9riale ;<\/li>\n\n\n\n<li>proposer des solutions argument\u00e9es en mobilisant des notions \u00e9conomiques, juridiques ou<br>manag\u00e9riales et les m\u00e9thodologies adapt\u00e9es aux situations propos\u00e9es ;<\/li>\n\n\n\n<li>\u00e9tablir un diagnostic (ou une partie de diagnostic) pr\u00e9parant une prise de d\u00e9cision<br>strat\u00e9gique ;<\/li>\n\n\n\n<li>prendre des d\u00e9cisions op\u00e9rationnelles int\u00e9grant les dimensions \u00e9conomique, juridique et<br>manag\u00e9riale ;<\/li>\n\n\n\n<li>exposer des analyses et des propositions de mani\u00e8re coh\u00e9rente et argument\u00e9e.<br><\/li>\n\n\n\n<li><strong><mark style=\"background-color:rgba(0, 0, 0, 0)\" class=\"has-inline-color has-vivid-red-color\">Forme ponctuelle (\u00e9preuve \u00e9crite, dur\u00e9e : 4 heures)<\/mark><\/strong><br>L\u2019\u00e9preuve a pour objet d\u2019\u00e9valuer les capacit\u00e9s du candidat \u00e0 mobiliser des notions d\u2019\u00e9conomie, de<br>droit et de management afin de formuler un raisonnement dans un contexte concret.<br>L\u2019\u00e9preuve prend appui sur un dossier qui comprend :<\/li>\n\n\n\n<li>la pr\u00e9sentation d\u2019une situation contextualis\u00e9e d\u2019entreprise contenant des probl\u00e9matiques<br>de nature \u00e9conomique ou juridique ou manag\u00e9riale ;<\/li>\n\n\n\n<li>une base documentaire ;<\/li>\n\n\n\n<li>une s\u00e9rie de questions permettant de structurer et d\u2019orienter le travail \u00e0 r\u00e9aliser par le<br>candidat.<br>Le dossier documentaire d\u2019une dizaine de pages au maximum, ainsi que le questionnement couvrent<br>les trois champs de cette unit\u00e9. Pour chaque question, une r\u00e9ponse construite et argument\u00e9e est<br>attendue.<br>L\u2019\u00e9preuve est corrig\u00e9e par un professeur ayant en charge l\u2019enseignement de \u00ab culture \u00e9conomique<br>juridique et manag\u00e9riale \u00bb en section de technicien sup\u00e9rieur.<\/li>\n<\/ul>\n","protected":false},"excerpt":{"rendered":"<p>E3 \/ CEJM : FINALIT\u00c9S ET OBJECTIFS Cette \u00e9preuve vise \u00e0 \u00e9valuer les comp\u00e9tences acquises par le candidat dans le cadre de l\u2019unit\u00e9 3 ainsique sa capacit\u00e9 \u00e0 les mobiliser pour \u00e9clairer des probl\u00e9matiques de gestion d\u2019entreprise \u00e0 travers unquestionnement croisant les champs disciplinaires \u00e9conomique, juridique et manag\u00e9rial. E3 \/ CEJM : MODALIT\u00c9S ET CRIT\u00c8RES &hellip; <\/p>\n<p class=\"link-more\"><a href=\"https:\/\/btsndrcchopin.fr\/index.php\/e3-cejm\/\" class=\"more-link\">Lire la suite de<span class=\"screen-reader-text\">\u00ab\u00a0E3 \/ CEJM\u00a0\u00bb<\/span><\/a><\/p>\n","protected":false},"author":1,"featured_media":926,"parent":0,"menu_order":0,"comment_status":"closed","ping_status":"closed","template":"","meta":{"jetpack_post_was_ever_published":false,"footnotes":""},"class_list":["post-157","page","type-page","status-publish","has-post-thumbnail","hentry"],"yoast_head":"<!-- This site is optimized with the Yoast SEO plugin v27.4 - https:\/\/yoast.com\/product\/yoast-seo-wordpress\/ -->\n<title>E3 \/ CEJM - BTS NDRC CHOPIN<\/title>\n<meta name=\"description\" content=\"RETROUVEZ ICI TOUTES LES MODALITES DE L&#039;EPREUVE E3 \/ CEJM. Culture Economique Juridique et Management du BTS NDRC.\" \/>\n<meta name=\"robots\" content=\"index, follow, max-snippet:-1, max-image-preview:large, max-video-preview:-1\" \/>\n<link rel=\"canonical\" href=\"https:\/\/btsndrcchopin.fr\/index.php\/e3-cejm\/\" \/>\n<meta property=\"og:locale\" content=\"fr_FR\" \/>\n<meta property=\"og:type\" content=\"article\" \/>\n<meta property=\"og:title\" content=\"E3 \/ CEJM - BTS NDRC CHOPIN\" \/>\n<meta property=\"og:description\" content=\"RETROUVEZ ICI TOUTES LES MODALITES DE L&#039;EPREUVE E3 \/ CEJM. Culture Economique Juridique et Management du BTS NDRC.\" \/>\n<meta property=\"og:url\" content=\"https:\/\/btsndrcchopin.fr\/index.php\/e3-cejm\/\" \/>\n<meta property=\"og:site_name\" content=\"BTS NDRC CHOPIN\" \/>\n<meta property=\"article:modified_time\" content=\"2023-11-08T11:56:37+00:00\" \/>\n<meta property=\"og:image\" content=\"https:\/\/btsndrcchopin.fr\/wp-content\/uploads\/2023\/11\/OIG.HRC1_.9.jpg\" \/>\n\t<meta property=\"og:image:width\" content=\"1024\" \/>\n\t<meta property=\"og:image:height\" content=\"1024\" \/>\n\t<meta property=\"og:image:type\" content=\"image\/jpeg\" \/>\n<meta name=\"twitter:card\" content=\"summary_large_image\" \/>\n<meta name=\"twitter:label1\" content=\"Dur\u00e9e de lecture estim\u00e9e\" \/>\n\t<meta name=\"twitter:data1\" content=\"2 minutes\" \/>\n<script type=\"application\/ld+json\" class=\"yoast-schema-graph\">{\"@context\":\"https:\\\/\\\/schema.org\",\"@graph\":[{\"@type\":\"WebPage\",\"@id\":\"https:\\\/\\\/btsndrcchopin.fr\\\/index.php\\\/e3-cejm\\\/\",\"url\":\"https:\\\/\\\/btsndrcchopin.fr\\\/index.php\\\/e3-cejm\\\/\",\"name\":\"E3 \\\/ CEJM - BTS NDRC CHOPIN\",\"isPartOf\":{\"@id\":\"https:\\\/\\\/btsndrcchopin.fr\\\/#website\"},\"primaryImageOfPage\":{\"@id\":\"https:\\\/\\\/btsndrcchopin.fr\\\/index.php\\\/e3-cejm\\\/#primaryimage\"},\"image\":{\"@id\":\"https:\\\/\\\/btsndrcchopin.fr\\\/index.php\\\/e3-cejm\\\/#primaryimage\"},\"thumbnailUrl\":\"https:\\\/\\\/i0.wp.com\\\/btsndrcchopin.fr\\\/wp-content\\\/uploads\\\/2023\\\/11\\\/OIG.HRC1_.9.jpg?fit=1024%2C1024&ssl=1\",\"datePublished\":\"2023-10-20T11:44:30+00:00\",\"dateModified\":\"2023-11-08T11:56:37+00:00\",\"description\":\"RETROUVEZ ICI TOUTES LES MODALITES DE L'EPREUVE E3 \\\/ CEJM. Culture Economique Juridique et Management du BTS NDRC.\",\"breadcrumb\":{\"@id\":\"https:\\\/\\\/btsndrcchopin.fr\\\/index.php\\\/e3-cejm\\\/#breadcrumb\"},\"inLanguage\":\"fr-FR\",\"potentialAction\":[{\"@type\":\"ReadAction\",\"target\":[\"https:\\\/\\\/btsndrcchopin.fr\\\/index.php\\\/e3-cejm\\\/\"]}]},{\"@type\":\"ImageObject\",\"inLanguage\":\"fr-FR\",\"@id\":\"https:\\\/\\\/btsndrcchopin.fr\\\/index.php\\\/e3-cejm\\\/#primaryimage\",\"url\":\"https:\\\/\\\/i0.wp.com\\\/btsndrcchopin.fr\\\/wp-content\\\/uploads\\\/2023\\\/11\\\/OIG.HRC1_.9.jpg?fit=1024%2C1024&ssl=1\",\"contentUrl\":\"https:\\\/\\\/i0.wp.com\\\/btsndrcchopin.fr\\\/wp-content\\\/uploads\\\/2023\\\/11\\\/OIG.HRC1_.9.jpg?fit=1024%2C1024&ssl=1\",\"width\":1024,\"height\":1024,\"caption\":\"CEJM BTS NDRC\"},{\"@type\":\"BreadcrumbList\",\"@id\":\"https:\\\/\\\/btsndrcchopin.fr\\\/index.php\\\/e3-cejm\\\/#breadcrumb\",\"itemListElement\":[{\"@type\":\"ListItem\",\"position\":1,\"name\":\"Accueil\",\"item\":\"https:\\\/\\\/btsndrcchopin.fr\\\/\"},{\"@type\":\"ListItem\",\"position\":2,\"name\":\"E3 \\\/ CEJM\"}]},{\"@type\":\"WebSite\",\"@id\":\"https:\\\/\\\/btsndrcchopin.fr\\\/#website\",\"url\":\"https:\\\/\\\/btsndrcchopin.fr\\\/\",\"name\":\"BTS NDRC CHOPIN\",\"description\":\"L&#039;excellence commerciale au coeur du monde digital ! Rejoignez-nous !\",\"publisher\":{\"@id\":\"https:\\\/\\\/btsndrcchopin.fr\\\/#organization\"},\"potentialAction\":[{\"@type\":\"SearchAction\",\"target\":{\"@type\":\"EntryPoint\",\"urlTemplate\":\"https:\\\/\\\/btsndrcchopin.fr\\\/?s={search_term_string}\"},\"query-input\":{\"@type\":\"PropertyValueSpecification\",\"valueRequired\":true,\"valueName\":\"search_term_string\"}}],\"inLanguage\":\"fr-FR\"},{\"@type\":\"Organization\",\"@id\":\"https:\\\/\\\/btsndrcchopin.fr\\\/#organization\",\"name\":\"BTS NDRC CHOPIN\",\"url\":\"https:\\\/\\\/btsndrcchopin.fr\\\/\",\"logo\":{\"@type\":\"ImageObject\",\"inLanguage\":\"fr-FR\",\"@id\":\"https:\\\/\\\/btsndrcchopin.fr\\\/#\\\/schema\\\/logo\\\/image\\\/\",\"url\":\"https:\\\/\\\/i0.wp.com\\\/btsndrcchopin.fr\\\/wp-content\\\/uploads\\\/2026\\\/02\\\/cropped-NOUVEAU-LOGO-2026.png?fit=1023%2C1023&ssl=1\",\"contentUrl\":\"https:\\\/\\\/i0.wp.com\\\/btsndrcchopin.fr\\\/wp-content\\\/uploads\\\/2026\\\/02\\\/cropped-NOUVEAU-LOGO-2026.png?fit=1023%2C1023&ssl=1\",\"width\":1023,\"height\":1023,\"caption\":\"BTS NDRC CHOPIN\"},\"image\":{\"@id\":\"https:\\\/\\\/btsndrcchopin.fr\\\/#\\\/schema\\\/logo\\\/image\\\/\"},\"sameAs\":[\"https:\\\/\\\/www.linkedin.com\\\/in\\\/bts-ndrc-chopin-5430aa124\\\/\"]}]}<\/script>\n<!-- \/ Yoast SEO plugin. -->","yoast_head_json":{"title":"E3 \/ CEJM - BTS NDRC CHOPIN","description":"RETROUVEZ ICI TOUTES LES MODALITES DE L'EPREUVE E3 \/ CEJM. Culture Economique Juridique et Management du BTS NDRC.","robots":{"index":"index","follow":"follow","max-snippet":"max-snippet:-1","max-image-preview":"max-image-preview:large","max-video-preview":"max-video-preview:-1"},"canonical":"https:\/\/btsndrcchopin.fr\/index.php\/e3-cejm\/","og_locale":"fr_FR","og_type":"article","og_title":"E3 \/ CEJM - BTS NDRC CHOPIN","og_description":"RETROUVEZ ICI TOUTES LES MODALITES DE L'EPREUVE E3 \/ CEJM. Culture Economique Juridique et Management du BTS NDRC.","og_url":"https:\/\/btsndrcchopin.fr\/index.php\/e3-cejm\/","og_site_name":"BTS NDRC CHOPIN","article_modified_time":"2023-11-08T11:56:37+00:00","og_image":[{"width":1024,"height":1024,"url":"https:\/\/btsndrcchopin.fr\/wp-content\/uploads\/2023\/11\/OIG.HRC1_.9.jpg","type":"image\/jpeg"}],"twitter_card":"summary_large_image","twitter_misc":{"Dur\u00e9e de lecture estim\u00e9e":"2 minutes"},"schema":{"@context":"https:\/\/schema.org","@graph":[{"@type":"WebPage","@id":"https:\/\/btsndrcchopin.fr\/index.php\/e3-cejm\/","url":"https:\/\/btsndrcchopin.fr\/index.php\/e3-cejm\/","name":"E3 \/ CEJM - BTS NDRC CHOPIN","isPartOf":{"@id":"https:\/\/btsndrcchopin.fr\/#website"},"primaryImageOfPage":{"@id":"https:\/\/btsndrcchopin.fr\/index.php\/e3-cejm\/#primaryimage"},"image":{"@id":"https:\/\/btsndrcchopin.fr\/index.php\/e3-cejm\/#primaryimage"},"thumbnailUrl":"https:\/\/i0.wp.com\/btsndrcchopin.fr\/wp-content\/uploads\/2023\/11\/OIG.HRC1_.9.jpg?fit=1024%2C1024&ssl=1","datePublished":"2023-10-20T11:44:30+00:00","dateModified":"2023-11-08T11:56:37+00:00","description":"RETROUVEZ ICI TOUTES LES MODALITES DE L'EPREUVE E3 \/ CEJM. Culture Economique Juridique et Management du BTS NDRC.","breadcrumb":{"@id":"https:\/\/btsndrcchopin.fr\/index.php\/e3-cejm\/#breadcrumb"},"inLanguage":"fr-FR","potentialAction":[{"@type":"ReadAction","target":["https:\/\/btsndrcchopin.fr\/index.php\/e3-cejm\/"]}]},{"@type":"ImageObject","inLanguage":"fr-FR","@id":"https:\/\/btsndrcchopin.fr\/index.php\/e3-cejm\/#primaryimage","url":"https:\/\/i0.wp.com\/btsndrcchopin.fr\/wp-content\/uploads\/2023\/11\/OIG.HRC1_.9.jpg?fit=1024%2C1024&ssl=1","contentUrl":"https:\/\/i0.wp.com\/btsndrcchopin.fr\/wp-content\/uploads\/2023\/11\/OIG.HRC1_.9.jpg?fit=1024%2C1024&ssl=1","width":1024,"height":1024,"caption":"CEJM BTS NDRC"},{"@type":"BreadcrumbList","@id":"https:\/\/btsndrcchopin.fr\/index.php\/e3-cejm\/#breadcrumb","itemListElement":[{"@type":"ListItem","position":1,"name":"Accueil","item":"https:\/\/btsndrcchopin.fr\/"},{"@type":"ListItem","position":2,"name":"E3 \/ CEJM"}]},{"@type":"WebSite","@id":"https:\/\/btsndrcchopin.fr\/#website","url":"https:\/\/btsndrcchopin.fr\/","name":"BTS NDRC CHOPIN","description":"L&#039;excellence commerciale au coeur du monde digital ! Rejoignez-nous !","publisher":{"@id":"https:\/\/btsndrcchopin.fr\/#organization"},"potentialAction":[{"@type":"SearchAction","target":{"@type":"EntryPoint","urlTemplate":"https:\/\/btsndrcchopin.fr\/?s={search_term_string}"},"query-input":{"@type":"PropertyValueSpecification","valueRequired":true,"valueName":"search_term_string"}}],"inLanguage":"fr-FR"},{"@type":"Organization","@id":"https:\/\/btsndrcchopin.fr\/#organization","name":"BTS NDRC CHOPIN","url":"https:\/\/btsndrcchopin.fr\/","logo":{"@type":"ImageObject","inLanguage":"fr-FR","@id":"https:\/\/btsndrcchopin.fr\/#\/schema\/logo\/image\/","url":"https:\/\/i0.wp.com\/btsndrcchopin.fr\/wp-content\/uploads\/2026\/02\/cropped-NOUVEAU-LOGO-2026.png?fit=1023%2C1023&ssl=1","contentUrl":"https:\/\/i0.wp.com\/btsndrcchopin.fr\/wp-content\/uploads\/2026\/02\/cropped-NOUVEAU-LOGO-2026.png?fit=1023%2C1023&ssl=1","width":1023,"height":1023,"caption":"BTS NDRC CHOPIN"},"image":{"@id":"https:\/\/btsndrcchopin.fr\/#\/schema\/logo\/image\/"},"sameAs":["https:\/\/www.linkedin.com\/in\/bts-ndrc-chopin-5430aa124\/"]}]}},"jetpack_sharing_enabled":true,"_links":{"self":[{"href":"https:\/\/btsndrcchopin.fr\/index.php\/wp-json\/wp\/v2\/pages\/157","targetHints":{"allow":["GET"]}}],"collection":[{"href":"https:\/\/btsndrcchopin.fr\/index.php\/wp-json\/wp\/v2\/pages"}],"about":[{"href":"https:\/\/btsndrcchopin.fr\/index.php\/wp-json\/wp\/v2\/types\/page"}],"author":[{"embeddable":true,"href":"https:\/\/btsndrcchopin.fr\/index.php\/wp-json\/wp\/v2\/users\/1"}],"replies":[{"embeddable":true,"href":"https:\/\/btsndrcchopin.fr\/index.php\/wp-json\/wp\/v2\/comments?post=157"}],"version-history":[{"count":4,"href":"https:\/\/btsndrcchopin.fr\/index.php\/wp-json\/wp\/v2\/pages\/157\/revisions"}],"predecessor-version":[{"id":967,"href":"https:\/\/btsndrcchopin.fr\/index.php\/wp-json\/wp\/v2\/pages\/157\/revisions\/967"}],"wp:featuredmedia":[{"embeddable":true,"href":"https:\/\/btsndrcchopin.fr\/index.php\/wp-json\/wp\/v2\/media\/926"}],"wp:attachment":[{"href":"https:\/\/btsndrcchopin.fr\/index.php\/wp-json\/wp\/v2\/media?parent=157"}],"curies":[{"name":"wp","href":"https:\/\/api.w.org\/{rel}","templated":true}]}}