{"id":163,"date":"2023-10-20T13:45:48","date_gmt":"2023-10-20T11:45:48","guid":{"rendered":"https:\/\/btsndrcchopin.fr\/?page_id=163"},"modified":"2023-11-08T13:14:05","modified_gmt":"2023-11-08T12:14:05","slug":"e5-la-digitalisation","status":"publish","type":"page","link":"https:\/\/btsndrcchopin.fr\/index.php\/e5-la-digitalisation\/","title":{"rendered":"E5 \/ La digitalisation"},"content":{"rendered":"\n<h2 class=\"wp-block-heading\"><strong>E5 \/ La digitalisation<\/strong> : <strong>Finalit\u00e9s et objectifs<\/strong><\/h2>\n\n\n\n<p><br>L\u2019objectif de l\u2019\u00e9preuve est d\u2019appr\u00e9cier la capacit\u00e9 du candidat \u00e0 exercer les activit\u00e9s ci-dessous<br>constitutives du p\u00f4le 2 \u00ab Relation client \u00e0 distance et digitalisation \u00bb :<\/p>\n\n\n<div class=\"wp-block-image\">\n<figure class=\"aligncenter size-full\"><img data-recalc-dims=\"1\" loading=\"lazy\" decoding=\"async\" width=\"950\" height=\"950\" src=\"https:\/\/i0.wp.com\/btsndrcchopin.fr\/wp-content\/uploads\/2023\/11\/cf2626df-887d-427b-90ee-cb666545428d-1.jpg?resize=950%2C950&#038;ssl=1\" alt=\"Animation r\u00e9seau bts ndrc chopin\" class=\"wp-image-846\" srcset=\"https:\/\/i0.wp.com\/btsndrcchopin.fr\/wp-content\/uploads\/2023\/11\/cf2626df-887d-427b-90ee-cb666545428d-1.jpg?w=1024&amp;ssl=1 1024w, https:\/\/i0.wp.com\/btsndrcchopin.fr\/wp-content\/uploads\/2023\/11\/cf2626df-887d-427b-90ee-cb666545428d-1.jpg?resize=300%2C300&amp;ssl=1 300w, https:\/\/i0.wp.com\/btsndrcchopin.fr\/wp-content\/uploads\/2023\/11\/cf2626df-887d-427b-90ee-cb666545428d-1.jpg?resize=150%2C150&amp;ssl=1 150w, https:\/\/i0.wp.com\/btsndrcchopin.fr\/wp-content\/uploads\/2023\/11\/cf2626df-887d-427b-90ee-cb666545428d-1.jpg?resize=768%2C768&amp;ssl=1 768w\" sizes=\"auto, (max-width: 950px) 100vw, 950px\" \/><\/figure>\n<\/div>\n\n\n<ul class=\"wp-block-list\">\n<li>Gestion de la relation client \u00e0 distance<\/li>\n\n\n\n<li>Gestion de la e-relation client<\/li>\n\n\n\n<li>Gestion de la vente en e-Commerce<\/li>\n<\/ul>\n\n\n\n<h2 class=\"wp-block-heading\"><strong>E5 \/ La digitalisation : Contenu<\/strong><\/h2>\n\n\n\n<p><br>L\u2019\u00e9preuve E5 permet d\u2019\u00e9valuer l\u2019acquisition des comp\u00e9tences ci-dessous associ\u00e9es au bloc 2 de<br>comp\u00e9tences \u00ab Relation client \u00e0 distance et digitalisation \u00bb c&rsquo;est-\u00e0-dire :<\/p>\n\n\n\n<ul class=\"wp-block-list\">\n<li>Ma\u00eetriser la relation client omnicanale<\/li>\n\n\n\n<li>Animer la relation client digitale<\/li>\n\n\n\n<li>D\u00e9velopper la relation client en e-commerce<\/li>\n<\/ul>\n\n\n\n<h2 class=\"wp-block-heading\"><strong>E5 \/ La digitalisation : Crit\u00e8res d&rsquo;\u00e9valuation<\/strong><\/h2>\n\n\n\n<p><br>Les crit\u00e8res d\u2019\u00e9valuation correspondent aux crit\u00e8res de performance exprim\u00e9s en regard de chaque<br>comp\u00e9tence du bloc \u00ab Relation client \u00e0 distance et digitalisation \u00bb figurant dans le r\u00e9f\u00e9rentiel de<br>certification, c&rsquo;est-\u00e0-dire :<\/p>\n\n\n\n<ul class=\"wp-block-list\">\n<li>L\u2019utilisation efficace et pertinente des techniques et outils de communication \u00e0 distance<\/li>\n\n\n\n<li>La qualit\u00e9 d\u2019appropriation du dossier client<\/li>\n\n\n\n<li>La rapidit\u00e9, l\u2019agilit\u00e9 et la proactivit\u00e9 dans la relation client \u00e0 distance<\/li>\n\n\n\n<li>La rigueur du reporting dans la data client<\/li>\n\n\n\n<li>L\u2019\u00e9valuation synth\u00e9tique de la performance commerciale<\/li>\n\n\n\n<li>La rigueur dans l\u2019organisation de l\u2019activit\u00e9 de l\u2019\u00e9quipe<\/li>\n\n\n\n<li>L\u2019\u00e9valuation de la performance collective et individuelle des t\u00e9l\u00e9acteurs<\/li>\n\n\n\n<li>L&rsquo;efficacit\u00e9 dans la mobilisation et la r\u00e9gulation de l\u2019\u00e9quipe<\/li>\n\n\n\n<li>La qualit\u00e9 et la pertinence des contenus publi\u00e9s<\/li>\n\n\n\n<li>Le suivi rigoureux et l\u2019optimisation du r\u00e9f\u00e9rencement<\/li>\n\n\n\n<li>La coh\u00e9rence entre les techniques, les outils mobilis\u00e9s, les contenus et les moyens de<br>diffusion<\/li>\n\n\n\n<li>Le rythme adapt\u00e9 d\u2019actualisation des contenus<\/li>\n\n\n\n<li>Le suivi des publications et le contr\u00f4le de l\u2019image<\/li>\n\n\n\n<li>La pertinence des choix et des actions men\u00e9es pour d\u00e9velopper les ventes et cr\u00e9er de la<br>valeur<\/li>\n\n\n\n<li>La qualit\u00e9 de l\u2019assistance et la prise en compte des risques et de la r\u00e9glementation<\/li>\n\n\n\n<li>La pertinence des indicateurs utilis\u00e9s pour l\u2019analyse des r\u00e9sultats<br><\/li>\n<\/ul>\n\n\n\n<h2 class=\"wp-block-heading\"><strong>Mode d\u2019\u00e9valuation \u2013 Forme ponctuelle \u00e9crite et pratique (3 h + 40 minutes)<\/strong><\/h2>\n\n\n\n<p><br>Il s\u2019agit d\u2019une \u00e9preuve ponctuelle compos\u00e9e de deux parties distinctes, l\u2019une constituant une<br>\u00e9preuve \u00e9crite, l\u2019autre constituant une \u00e9preuve pratique.<br><\/p>\n\n\n\n<h2 class=\"wp-block-heading\"><strong>Premi\u00e8re partie : \u00e9preuve ponctuelle \u00e9crite &#8211; dur\u00e9e 3 heures &#8211; coefficien<\/strong>t 2<\/h2>\n\n\n\n<p><br>L\u2019\u00e9preuve rev\u00eat la forme d\u2019une \u00e9tude de cas reposant sur un contexte r\u00e9el d\u2019organisation.<br>Telles que d\u00e9crites dans le p\u00f4le 2 \u00ab Relation client \u00e0 distance et digitalisation \u00bb du r\u00e9f\u00e9rentiel des<br>activit\u00e9s professionnelles, les probl\u00e9matiques commerciales \u00e0 r\u00e9soudre s\u2019inscrivent dans le cadre<br>d\u2019une communication unifi\u00e9e et les activit\u00e9s professionnelles propos\u00e9es visent le d\u00e9veloppement<br>d\u2019une relation client omnicanale n\u00e9cessitant la mobilisation d\u2019outils digitaux.<br>Les travaux demand\u00e9s au candidat prennent appui sur des documents ressources figurant dans le<br>sujet. Selon les activit\u00e9s \u00e0 r\u00e9aliser, il peut \u00eatre exig\u00e9 du candidat de mobiliser des \u00e9l\u00e9ments de culture<br>\u00e9conomique, juridique et manag\u00e9riale appliqu\u00e9e ainsi que de d\u00e9velopper une r\u00e9flexion commerciale<br>structur\u00e9e.<br><br><strong>Deuxi\u00e8me partie : \u00e9preuve ponctuelle pratique &#8211; dur\u00e9e 40 minutes &#8211; coefficient 2<\/strong><\/p>\n\n\n\n<p><br>Cette partie pratique de l\u2019\u00e9preuve permet d\u2019\u00e9valuer plus sp\u00e9cifiquement les comp\u00e9tences suivantes :<br>Animer la relation client digitale<\/p>\n\n\n\n<ul class=\"wp-block-list\">\n<li>Produire, publier et assurer la visibilit\u00e9 des contenus digitaux<\/li>\n\n\n\n<li>Impulser, entretenir et r\u00e9guler une dynamique e-relationnelle<br>D\u00e9velopper la relation client en e-commerce<\/li>\n\n\n\n<li>Dynamiser un site de e-commerce<\/li>\n\n\n\n<li>Faciliter et s\u00e9curiser la relation commerciale<\/li>\n\n\n\n<li>Diagnostiquer l\u2019activit\u00e9 de e-commerce<\/li>\n<\/ul>\n","protected":false},"excerpt":{"rendered":"<p>E5 \/ La digitalisation : Finalit\u00e9s et objectifs L\u2019objectif de l\u2019\u00e9preuve est d\u2019appr\u00e9cier la capacit\u00e9 du candidat \u00e0 exercer les activit\u00e9s ci-dessousconstitutives du p\u00f4le 2 \u00ab Relation client \u00e0 distance et digitalisation \u00bb : E5 \/ La digitalisation : Contenu L\u2019\u00e9preuve E5 permet d\u2019\u00e9valuer l\u2019acquisition des comp\u00e9tences ci-dessous associ\u00e9es au bloc 2 decomp\u00e9tences \u00ab Relation &hellip; <\/p>\n<p class=\"link-more\"><a href=\"https:\/\/btsndrcchopin.fr\/index.php\/e5-la-digitalisation\/\" class=\"more-link\">Lire la suite de<span class=\"screen-reader-text\">\u00ab\u00a0E5 \/ La digitalisation\u00a0\u00bb<\/span><\/a><\/p>\n","protected":false},"author":1,"featured_media":924,"parent":0,"menu_order":0,"comment_status":"closed","ping_status":"closed","template":"","meta":{"jetpack_post_was_ever_published":false,"footnotes":""},"class_list":["post-163","page","type-page","status-publish","has-post-thumbnail","hentry"],"yoast_head":"<!-- This site is optimized with the Yoast SEO plugin v27.5 - https:\/\/yoast.com\/product\/yoast-seo-wordpress\/ -->\n<title>E5 \/ La digitalisation - BTS NDRC CHOPIN<\/title>\n<meta name=\"description\" content=\"RETROUVEZ ICI TOUTES LES MODALITES DE L&#039;EPREUVE E5 \/ La digitalisation, concernant le BTS NDRC . Etude de cas et cas pratique.\" \/>\n<meta name=\"robots\" content=\"index, follow, max-snippet:-1, max-image-preview:large, max-video-preview:-1\" \/>\n<link rel=\"canonical\" href=\"https:\/\/btsndrcchopin.fr\/index.php\/e5-la-digitalisation\/\" \/>\n<meta property=\"og:locale\" content=\"fr_FR\" \/>\n<meta property=\"og:type\" content=\"article\" \/>\n<meta property=\"og:title\" content=\"E5 \/ La digitalisation - BTS NDRC CHOPIN\" \/>\n<meta property=\"og:description\" content=\"RETROUVEZ ICI TOUTES LES MODALITES DE L&#039;EPREUVE E5 \/ La digitalisation, concernant le BTS NDRC . Etude de cas et cas pratique.\" \/>\n<meta property=\"og:url\" content=\"https:\/\/btsndrcchopin.fr\/index.php\/e5-la-digitalisation\/\" \/>\n<meta property=\"og:site_name\" content=\"BTS NDRC CHOPIN\" \/>\n<meta property=\"article:modified_time\" content=\"2023-11-08T12:14:05+00:00\" \/>\n<meta property=\"og:image\" content=\"https:\/\/btsndrcchopin.fr\/wp-content\/uploads\/2023\/11\/28OIG.jpg\" \/>\n\t<meta property=\"og:image:width\" content=\"1024\" \/>\n\t<meta property=\"og:image:height\" content=\"1024\" \/>\n\t<meta property=\"og:image:type\" content=\"image\/jpeg\" \/>\n<meta name=\"twitter:card\" content=\"summary_large_image\" \/>\n<meta name=\"twitter:label1\" content=\"Dur\u00e9e de lecture estim\u00e9e\" \/>\n\t<meta name=\"twitter:data1\" content=\"3 minutes\" \/>\n<script type=\"application\/ld+json\" class=\"yoast-schema-graph\">{\"@context\":\"https:\\\/\\\/schema.org\",\"@graph\":[{\"@type\":\"WebPage\",\"@id\":\"https:\\\/\\\/btsndrcchopin.fr\\\/index.php\\\/e5-la-digitalisation\\\/\",\"url\":\"https:\\\/\\\/btsndrcchopin.fr\\\/index.php\\\/e5-la-digitalisation\\\/\",\"name\":\"E5 \\\/ La digitalisation - BTS NDRC CHOPIN\",\"isPartOf\":{\"@id\":\"https:\\\/\\\/btsndrcchopin.fr\\\/#website\"},\"primaryImageOfPage\":{\"@id\":\"https:\\\/\\\/btsndrcchopin.fr\\\/index.php\\\/e5-la-digitalisation\\\/#primaryimage\"},\"image\":{\"@id\":\"https:\\\/\\\/btsndrcchopin.fr\\\/index.php\\\/e5-la-digitalisation\\\/#primaryimage\"},\"thumbnailUrl\":\"https:\\\/\\\/i0.wp.com\\\/btsndrcchopin.fr\\\/wp-content\\\/uploads\\\/2023\\\/11\\\/28OIG.jpg?fit=1024%2C1024&ssl=1\",\"datePublished\":\"2023-10-20T11:45:48+00:00\",\"dateModified\":\"2023-11-08T12:14:05+00:00\",\"description\":\"RETROUVEZ ICI TOUTES LES MODALITES DE L'EPREUVE E5 \\\/ La digitalisation, concernant le BTS NDRC . Etude de cas et cas pratique.\",\"breadcrumb\":{\"@id\":\"https:\\\/\\\/btsndrcchopin.fr\\\/index.php\\\/e5-la-digitalisation\\\/#breadcrumb\"},\"inLanguage\":\"fr-FR\",\"potentialAction\":[{\"@type\":\"ReadAction\",\"target\":[\"https:\\\/\\\/btsndrcchopin.fr\\\/index.php\\\/e5-la-digitalisation\\\/\"]}]},{\"@type\":\"ImageObject\",\"inLanguage\":\"fr-FR\",\"@id\":\"https:\\\/\\\/btsndrcchopin.fr\\\/index.php\\\/e5-la-digitalisation\\\/#primaryimage\",\"url\":\"https:\\\/\\\/i0.wp.com\\\/btsndrcchopin.fr\\\/wp-content\\\/uploads\\\/2023\\\/11\\\/28OIG.jpg?fit=1024%2C1024&ssl=1\",\"contentUrl\":\"https:\\\/\\\/i0.wp.com\\\/btsndrcchopin.fr\\\/wp-content\\\/uploads\\\/2023\\\/11\\\/28OIG.jpg?fit=1024%2C1024&ssl=1\",\"width\":1024,\"height\":1024,\"caption\":\"E5 \\\/ La digitalisation bts NDRC CHOPIN\"},{\"@type\":\"BreadcrumbList\",\"@id\":\"https:\\\/\\\/btsndrcchopin.fr\\\/index.php\\\/e5-la-digitalisation\\\/#breadcrumb\",\"itemListElement\":[{\"@type\":\"ListItem\",\"position\":1,\"name\":\"Accueil\",\"item\":\"https:\\\/\\\/btsndrcchopin.fr\\\/\"},{\"@type\":\"ListItem\",\"position\":2,\"name\":\"E5 \\\/ La digitalisation\"}]},{\"@type\":\"WebSite\",\"@id\":\"https:\\\/\\\/btsndrcchopin.fr\\\/#website\",\"url\":\"https:\\\/\\\/btsndrcchopin.fr\\\/\",\"name\":\"BTS NDRC CHOPIN\",\"description\":\"L&#039;excellence commerciale au coeur du monde digital ! Rejoignez-nous !\",\"publisher\":{\"@id\":\"https:\\\/\\\/btsndrcchopin.fr\\\/#organization\"},\"potentialAction\":[{\"@type\":\"SearchAction\",\"target\":{\"@type\":\"EntryPoint\",\"urlTemplate\":\"https:\\\/\\\/btsndrcchopin.fr\\\/?s={search_term_string}\"},\"query-input\":{\"@type\":\"PropertyValueSpecification\",\"valueRequired\":true,\"valueName\":\"search_term_string\"}}],\"inLanguage\":\"fr-FR\"},{\"@type\":\"Organization\",\"@id\":\"https:\\\/\\\/btsndrcchopin.fr\\\/#organization\",\"name\":\"BTS NDRC CHOPIN\",\"url\":\"https:\\\/\\\/btsndrcchopin.fr\\\/\",\"logo\":{\"@type\":\"ImageObject\",\"inLanguage\":\"fr-FR\",\"@id\":\"https:\\\/\\\/btsndrcchopin.fr\\\/#\\\/schema\\\/logo\\\/image\\\/\",\"url\":\"https:\\\/\\\/i0.wp.com\\\/btsndrcchopin.fr\\\/wp-content\\\/uploads\\\/2026\\\/02\\\/cropped-NOUVEAU-LOGO-2026.png?fit=1023%2C1023&ssl=1\",\"contentUrl\":\"https:\\\/\\\/i0.wp.com\\\/btsndrcchopin.fr\\\/wp-content\\\/uploads\\\/2026\\\/02\\\/cropped-NOUVEAU-LOGO-2026.png?fit=1023%2C1023&ssl=1\",\"width\":1023,\"height\":1023,\"caption\":\"BTS NDRC CHOPIN\"},\"image\":{\"@id\":\"https:\\\/\\\/btsndrcchopin.fr\\\/#\\\/schema\\\/logo\\\/image\\\/\"},\"sameAs\":[\"https:\\\/\\\/www.linkedin.com\\\/in\\\/bts-ndrc-chopin-5430aa124\\\/\"]}]}<\/script>\n<!-- \/ Yoast SEO plugin. -->","yoast_head_json":{"title":"E5 \/ La digitalisation - BTS NDRC CHOPIN","description":"RETROUVEZ ICI TOUTES LES MODALITES DE L'EPREUVE E5 \/ La digitalisation, concernant le BTS NDRC . Etude de cas et cas pratique.","robots":{"index":"index","follow":"follow","max-snippet":"max-snippet:-1","max-image-preview":"max-image-preview:large","max-video-preview":"max-video-preview:-1"},"canonical":"https:\/\/btsndrcchopin.fr\/index.php\/e5-la-digitalisation\/","og_locale":"fr_FR","og_type":"article","og_title":"E5 \/ La digitalisation - BTS NDRC CHOPIN","og_description":"RETROUVEZ ICI TOUTES LES MODALITES DE L'EPREUVE E5 \/ La digitalisation, concernant le BTS NDRC . Etude de cas et cas pratique.","og_url":"https:\/\/btsndrcchopin.fr\/index.php\/e5-la-digitalisation\/","og_site_name":"BTS NDRC CHOPIN","article_modified_time":"2023-11-08T12:14:05+00:00","og_image":[{"width":1024,"height":1024,"url":"https:\/\/btsndrcchopin.fr\/wp-content\/uploads\/2023\/11\/28OIG.jpg","type":"image\/jpeg"}],"twitter_card":"summary_large_image","twitter_misc":{"Dur\u00e9e de lecture estim\u00e9e":"3 minutes"},"schema":{"@context":"https:\/\/schema.org","@graph":[{"@type":"WebPage","@id":"https:\/\/btsndrcchopin.fr\/index.php\/e5-la-digitalisation\/","url":"https:\/\/btsndrcchopin.fr\/index.php\/e5-la-digitalisation\/","name":"E5 \/ La digitalisation - BTS NDRC CHOPIN","isPartOf":{"@id":"https:\/\/btsndrcchopin.fr\/#website"},"primaryImageOfPage":{"@id":"https:\/\/btsndrcchopin.fr\/index.php\/e5-la-digitalisation\/#primaryimage"},"image":{"@id":"https:\/\/btsndrcchopin.fr\/index.php\/e5-la-digitalisation\/#primaryimage"},"thumbnailUrl":"https:\/\/i0.wp.com\/btsndrcchopin.fr\/wp-content\/uploads\/2023\/11\/28OIG.jpg?fit=1024%2C1024&ssl=1","datePublished":"2023-10-20T11:45:48+00:00","dateModified":"2023-11-08T12:14:05+00:00","description":"RETROUVEZ ICI TOUTES LES MODALITES DE L'EPREUVE E5 \/ La digitalisation, concernant le BTS NDRC . Etude de cas et cas pratique.","breadcrumb":{"@id":"https:\/\/btsndrcchopin.fr\/index.php\/e5-la-digitalisation\/#breadcrumb"},"inLanguage":"fr-FR","potentialAction":[{"@type":"ReadAction","target":["https:\/\/btsndrcchopin.fr\/index.php\/e5-la-digitalisation\/"]}]},{"@type":"ImageObject","inLanguage":"fr-FR","@id":"https:\/\/btsndrcchopin.fr\/index.php\/e5-la-digitalisation\/#primaryimage","url":"https:\/\/i0.wp.com\/btsndrcchopin.fr\/wp-content\/uploads\/2023\/11\/28OIG.jpg?fit=1024%2C1024&ssl=1","contentUrl":"https:\/\/i0.wp.com\/btsndrcchopin.fr\/wp-content\/uploads\/2023\/11\/28OIG.jpg?fit=1024%2C1024&ssl=1","width":1024,"height":1024,"caption":"E5 \/ La digitalisation bts NDRC CHOPIN"},{"@type":"BreadcrumbList","@id":"https:\/\/btsndrcchopin.fr\/index.php\/e5-la-digitalisation\/#breadcrumb","itemListElement":[{"@type":"ListItem","position":1,"name":"Accueil","item":"https:\/\/btsndrcchopin.fr\/"},{"@type":"ListItem","position":2,"name":"E5 \/ La digitalisation"}]},{"@type":"WebSite","@id":"https:\/\/btsndrcchopin.fr\/#website","url":"https:\/\/btsndrcchopin.fr\/","name":"BTS NDRC CHOPIN","description":"L&#039;excellence commerciale au coeur du monde digital ! Rejoignez-nous !","publisher":{"@id":"https:\/\/btsndrcchopin.fr\/#organization"},"potentialAction":[{"@type":"SearchAction","target":{"@type":"EntryPoint","urlTemplate":"https:\/\/btsndrcchopin.fr\/?s={search_term_string}"},"query-input":{"@type":"PropertyValueSpecification","valueRequired":true,"valueName":"search_term_string"}}],"inLanguage":"fr-FR"},{"@type":"Organization","@id":"https:\/\/btsndrcchopin.fr\/#organization","name":"BTS NDRC CHOPIN","url":"https:\/\/btsndrcchopin.fr\/","logo":{"@type":"ImageObject","inLanguage":"fr-FR","@id":"https:\/\/btsndrcchopin.fr\/#\/schema\/logo\/image\/","url":"https:\/\/i0.wp.com\/btsndrcchopin.fr\/wp-content\/uploads\/2026\/02\/cropped-NOUVEAU-LOGO-2026.png?fit=1023%2C1023&ssl=1","contentUrl":"https:\/\/i0.wp.com\/btsndrcchopin.fr\/wp-content\/uploads\/2026\/02\/cropped-NOUVEAU-LOGO-2026.png?fit=1023%2C1023&ssl=1","width":1023,"height":1023,"caption":"BTS NDRC CHOPIN"},"image":{"@id":"https:\/\/btsndrcchopin.fr\/#\/schema\/logo\/image\/"},"sameAs":["https:\/\/www.linkedin.com\/in\/bts-ndrc-chopin-5430aa124\/"]}]}},"jetpack_sharing_enabled":true,"_links":{"self":[{"href":"https:\/\/btsndrcchopin.fr\/index.php\/wp-json\/wp\/v2\/pages\/163","targetHints":{"allow":["GET"]}}],"collection":[{"href":"https:\/\/btsndrcchopin.fr\/index.php\/wp-json\/wp\/v2\/pages"}],"about":[{"href":"https:\/\/btsndrcchopin.fr\/index.php\/wp-json\/wp\/v2\/types\/page"}],"author":[{"embeddable":true,"href":"https:\/\/btsndrcchopin.fr\/index.php\/wp-json\/wp\/v2\/users\/1"}],"replies":[{"embeddable":true,"href":"https:\/\/btsndrcchopin.fr\/index.php\/wp-json\/wp\/v2\/comments?post=163"}],"version-history":[{"count":4,"href":"https:\/\/btsndrcchopin.fr\/index.php\/wp-json\/wp\/v2\/pages\/163\/revisions"}],"predecessor-version":[{"id":973,"href":"https:\/\/btsndrcchopin.fr\/index.php\/wp-json\/wp\/v2\/pages\/163\/revisions\/973"}],"wp:featuredmedia":[{"embeddable":true,"href":"https:\/\/btsndrcchopin.fr\/index.php\/wp-json\/wp\/v2\/media\/924"}],"wp:attachment":[{"href":"https:\/\/btsndrcchopin.fr\/index.php\/wp-json\/wp\/v2\/media?parent=163"}],"curies":[{"name":"wp","href":"https:\/\/api.w.org\/{rel}","templated":true}]}}