{"id":52,"date":"2023-10-20T12:05:18","date_gmt":"2023-10-20T10:05:18","guid":{"rendered":"https:\/\/btsndrcchopin.fr\/?page_id=52"},"modified":"2023-11-08T11:44:03","modified_gmt":"2023-11-08T10:44:03","slug":"tous-les-enseignements","status":"publish","type":"page","link":"https:\/\/btsndrcchopin.fr\/index.php\/tous-les-enseignements\/","title":{"rendered":"TOUS LES ENSEIGNEMENTS"},"content":{"rendered":"\n<p>Tous les enseignements  au sein du  <a href=\"https:\/\/wp29-c12699-4.btsndrc.ac\/wp-admin\/post.php?post=172&amp;action=edit\">BTS NDRC<\/a> (N\u00e9gociation et Digitalisation de la Relation Client) reposent sur une formation de deux ans, destin\u00e9e \u00e0 former des professionnels capables de g\u00e9rer la relation client dans un environnement de plus en plus num\u00e9rique. Ce dipl\u00f4me est <strong>ax\u00e9 sur la vente, la n\u00e9gociation, et la digitalisation<\/strong>. Il couvre un large \u00e9ventail d&rsquo;enseignements pour pr\u00e9parer les \u00e9tudiants \u00e0 des carri\u00e8res dans le domaine de la relation client.<\/p>\n\n\n<div class=\"wp-block-image\">\n<figure class=\"aligncenter size-full\"><img data-recalc-dims=\"1\" loading=\"lazy\" decoding=\"async\" width=\"950\" height=\"950\" src=\"https:\/\/i0.wp.com\/btsndrcchopin.fr\/wp-content\/uploads\/2023\/11\/OIG.tV44XoDjoj3.jpg?resize=950%2C950&#038;ssl=1\" alt=\"LES DIFFERENTES MATIERES NDRC\" class=\"wp-image-930\" srcset=\"https:\/\/i0.wp.com\/btsndrcchopin.fr\/wp-content\/uploads\/2023\/11\/OIG.tV44XoDjoj3.jpg?w=1024&amp;ssl=1 1024w, https:\/\/i0.wp.com\/btsndrcchopin.fr\/wp-content\/uploads\/2023\/11\/OIG.tV44XoDjoj3.jpg?resize=300%2C300&amp;ssl=1 300w, https:\/\/i0.wp.com\/btsndrcchopin.fr\/wp-content\/uploads\/2023\/11\/OIG.tV44XoDjoj3.jpg?resize=150%2C150&amp;ssl=1 150w, https:\/\/i0.wp.com\/btsndrcchopin.fr\/wp-content\/uploads\/2023\/11\/OIG.tV44XoDjoj3.jpg?resize=768%2C768&amp;ssl=1 768w\" sizes=\"auto, (max-width: 950px) 100vw, 950px\" \/><\/figure>\n<\/div>\n\n\n<p>Le programme commence par une base solide en<strong> <a href=\"https:\/\/btsndrcchopin.fr\/index.php\/CEJM\/\">management, droit &amp; \u00e9conomie<\/a>, ainsi qu&rsquo;en <a href=\"https:\/\/btsndrcchopin.fr\/index.php\/culture-generale\/\">culture g\u00e9n\u00e9rale<\/a><\/strong> et anglais. Les \u00e9tudiants acqui\u00e8rent des comp\u00e9tences en <strong>communication, tant \u00e0 l&rsquo;oral qu&rsquo;\u00e0 l&rsquo;\u00e9crit<\/strong>. Ce qui est essentiel pour travailler efficacement avec les clients.<\/p>\n\n\n\n<h2 class=\"wp-block-heading\"><a href=\"https:\/\/btsndrcchopin.fr\/index.php\/la-negociation-vente\/\">N\u00e9gociation<\/a><\/h2>\n\n\n\n<p>La n\u00e9gociation occupe une place centrale dans le <a href=\"http:\/\/www.lycee-chopin.fr\/bts-negociation-et-relation-clients\">BTS NDRC.<\/a> Les \u00e9tudiants apprennent \u00e0 ma\u00eetriser les techniques de n\u00e9gociation. Ainsi qu&rsquo;\u00e0 comprendre les besoins des clients, et \u00e0 proposer des solutions adapt\u00e9es. Ils d\u00e9veloppent \u00e9galement des comp\u00e9tences en marketing, en analyse de la concurrence, et en gestion de projet. <\/p>\n\n\n\n<h2 class=\"wp-block-heading\"><a href=\"https:\/\/btsndrcchopin.fr\/index.php\/la-digitalisation\/\">Digitalisation<\/a><\/h2>\n\n\n\n<p>Le volet digital est un \u00e9l\u00e9ment essentiel de la formation. Les \u00e9tudiants sont form\u00e9s \u00e0 l&rsquo;utilisation des outils num\u00e9riques pour optimiser la relation client. Cela inclut la gestion des r\u00e9seaux sociaux, la mise en place de strat\u00e9gies de marketing digital et l&rsquo;utilisation de logiciels de gestion de la relation client (CRM).<\/p>\n\n\n\n<p>La dimension commerciale du BTS NDRC est renforc\u00e9e par l&rsquo;enseignement de la prospection, de la fid\u00e9lisation, et de la gestion des ventes. Les \u00e9tudiants apprennent \u00e0 \u00e9laborer des plans d&rsquo;actions commerciales et \u00e0 \u00e9valuer leur efficacit\u00e9.<\/p>\n\n\n\n<p>En outre, la formation comprend <strong><a href=\"https:\/\/btsndrcchopin.fr\/index.php\/les-stages\/\">des stages en entreprise<\/a><\/strong> qui permettent aux \u00e9tudiants de mettre en pratique leurs comp\u00e9tences. Acqu\u00e9rir une exp\u00e9rience professionnelle concr\u00e8te. Ces stages sont un \u00e9l\u00e9ment-cl\u00e9 de la formation, car ils permettent aux \u00e9tudiants de se familiariser avec le monde de l&rsquo;entreprise et de d\u00e9velopper leur r\u00e9seau professionnel. <\/p>\n\n\n\n<p>En r\u00e9sum\u00e9, le BTS NDRC est une formation compl\u00e8te qui pr\u00e9pare les \u00e9tudiants \u00e0 des carri\u00e8res dans le domaine de la relation client. En mettant l&rsquo;accent sur la n\u00e9gociation, la digitalisation, et les comp\u00e9tences commerciales. Les dipl\u00f4m\u00e9s de ce programme servent \u00e0 occuper des postes vari\u00e9s, tels que charg\u00e9 de client\u00e8le, commercial, conseiller en vente, ou encore chef de projet marketing digital, dans des entreprises de divers secteurs. <\/p>\n\n\n\n<p><\/p>\n","protected":false},"excerpt":{"rendered":"<p>Tous les enseignements au sein du BTS NDRC (N\u00e9gociation et Digitalisation de la Relation Client) reposent sur une formation de deux ans, destin\u00e9e \u00e0 former des professionnels capables de g\u00e9rer la relation client dans un environnement de plus en plus num\u00e9rique. Ce dipl\u00f4me est ax\u00e9 sur la vente, la n\u00e9gociation, et la digitalisation. Il couvre &hellip; <\/p>\n<p class=\"link-more\"><a href=\"https:\/\/btsndrcchopin.fr\/index.php\/tous-les-enseignements\/\" class=\"more-link\">Lire la suite de<span class=\"screen-reader-text\">\u00ab\u00a0TOUS LES ENSEIGNEMENTS\u00a0\u00bb<\/span><\/a><\/p>\n","protected":false},"author":1,"featured_media":923,"parent":0,"menu_order":0,"comment_status":"closed","ping_status":"closed","template":"","meta":{"jetpack_post_was_ever_published":false,"footnotes":""},"class_list":["post-52","page","type-page","status-publish","has-post-thumbnail","hentry"],"yoast_head":"<!-- This site is optimized with the Yoast SEO plugin v27.4 - https:\/\/yoast.com\/product\/yoast-seo-wordpress\/ -->\n<title>TOUS LES ENSEIGNEMENTS - BTS NDRC CHOPIN<\/title>\n<meta name=\"description\" content=\"Tous les enseignements sont articul\u00e9s autour de 29 h hebdomadaires en initial et une alternance de 2.5 jours au lyc\u00e9e \/ entreprise sur 2 ans.\" \/>\n<meta name=\"robots\" content=\"index, follow, max-snippet:-1, max-image-preview:large, max-video-preview:-1\" \/>\n<link rel=\"canonical\" href=\"https:\/\/btsndrcchopin.fr\/index.php\/tous-les-enseignements\/\" \/>\n<meta property=\"og:locale\" content=\"fr_FR\" \/>\n<meta property=\"og:type\" content=\"article\" \/>\n<meta property=\"og:title\" content=\"TOUS LES ENSEIGNEMENTS - BTS NDRC CHOPIN\" \/>\n<meta property=\"og:description\" content=\"Tous les enseignements sont articul\u00e9s autour de 29 h hebdomadaires en initial et une alternance de 2.5 jours au lyc\u00e9e \/ entreprise sur 2 ans.\" \/>\n<meta property=\"og:url\" content=\"https:\/\/btsndrcchopin.fr\/index.php\/tous-les-enseignements\/\" \/>\n<meta property=\"og:site_name\" content=\"BTS NDRC CHOPIN\" \/>\n<meta property=\"article:modified_time\" content=\"2023-11-08T10:44:03+00:00\" \/>\n<meta property=\"og:image\" content=\"https:\/\/btsndrcchopin.fr\/wp-content\/uploads\/2023\/11\/27OIG.jpg\" \/>\n\t<meta property=\"og:image:width\" content=\"351\" \/>\n\t<meta property=\"og:image:height\" content=\"351\" \/>\n\t<meta property=\"og:image:type\" content=\"image\/jpeg\" \/>\n<meta name=\"twitter:card\" content=\"summary_large_image\" \/>\n<meta name=\"twitter:label1\" content=\"Dur\u00e9e de lecture estim\u00e9e\" \/>\n\t<meta name=\"twitter:data1\" content=\"3 minutes\" \/>\n<script type=\"application\/ld+json\" class=\"yoast-schema-graph\">{\"@context\":\"https:\\\/\\\/schema.org\",\"@graph\":[{\"@type\":\"WebPage\",\"@id\":\"https:\\\/\\\/btsndrcchopin.fr\\\/index.php\\\/tous-les-enseignements\\\/\",\"url\":\"https:\\\/\\\/btsndrcchopin.fr\\\/index.php\\\/tous-les-enseignements\\\/\",\"name\":\"TOUS LES ENSEIGNEMENTS - BTS NDRC CHOPIN\",\"isPartOf\":{\"@id\":\"https:\\\/\\\/btsndrcchopin.fr\\\/#website\"},\"primaryImageOfPage\":{\"@id\":\"https:\\\/\\\/btsndrcchopin.fr\\\/index.php\\\/tous-les-enseignements\\\/#primaryimage\"},\"image\":{\"@id\":\"https:\\\/\\\/btsndrcchopin.fr\\\/index.php\\\/tous-les-enseignements\\\/#primaryimage\"},\"thumbnailUrl\":\"https:\\\/\\\/i0.wp.com\\\/btsndrcchopin.fr\\\/wp-content\\\/uploads\\\/2023\\\/11\\\/27OIG.jpg?fit=351%2C351&ssl=1\",\"datePublished\":\"2023-10-20T10:05:18+00:00\",\"dateModified\":\"2023-11-08T10:44:03+00:00\",\"description\":\"Tous les enseignements sont articul\u00e9s autour de 29 h hebdomadaires en initial et une alternance de 2.5 jours au lyc\u00e9e \\\/ entreprise sur 2 ans.\",\"breadcrumb\":{\"@id\":\"https:\\\/\\\/btsndrcchopin.fr\\\/index.php\\\/tous-les-enseignements\\\/#breadcrumb\"},\"inLanguage\":\"fr-FR\",\"potentialAction\":[{\"@type\":\"ReadAction\",\"target\":[\"https:\\\/\\\/btsndrcchopin.fr\\\/index.php\\\/tous-les-enseignements\\\/\"]}]},{\"@type\":\"ImageObject\",\"inLanguage\":\"fr-FR\",\"@id\":\"https:\\\/\\\/btsndrcchopin.fr\\\/index.php\\\/tous-les-enseignements\\\/#primaryimage\",\"url\":\"https:\\\/\\\/i0.wp.com\\\/btsndrcchopin.fr\\\/wp-content\\\/uploads\\\/2023\\\/11\\\/27OIG.jpg?fit=351%2C351&ssl=1\",\"contentUrl\":\"https:\\\/\\\/i0.wp.com\\\/btsndrcchopin.fr\\\/wp-content\\\/uploads\\\/2023\\\/11\\\/27OIG.jpg?fit=351%2C351&ssl=1\",\"width\":351,\"height\":351,\"caption\":\"LES DIFFERENTES MATIERES ENSEIGNEES\"},{\"@type\":\"BreadcrumbList\",\"@id\":\"https:\\\/\\\/btsndrcchopin.fr\\\/index.php\\\/tous-les-enseignements\\\/#breadcrumb\",\"itemListElement\":[{\"@type\":\"ListItem\",\"position\":1,\"name\":\"Accueil\",\"item\":\"https:\\\/\\\/btsndrcchopin.fr\\\/\"},{\"@type\":\"ListItem\",\"position\":2,\"name\":\"TOUS LES ENSEIGNEMENTS\"}]},{\"@type\":\"WebSite\",\"@id\":\"https:\\\/\\\/btsndrcchopin.fr\\\/#website\",\"url\":\"https:\\\/\\\/btsndrcchopin.fr\\\/\",\"name\":\"BTS NDRC CHOPIN\",\"description\":\"L&#039;excellence commerciale au coeur du monde digital ! Rejoignez-nous !\",\"publisher\":{\"@id\":\"https:\\\/\\\/btsndrcchopin.fr\\\/#organization\"},\"potentialAction\":[{\"@type\":\"SearchAction\",\"target\":{\"@type\":\"EntryPoint\",\"urlTemplate\":\"https:\\\/\\\/btsndrcchopin.fr\\\/?s={search_term_string}\"},\"query-input\":{\"@type\":\"PropertyValueSpecification\",\"valueRequired\":true,\"valueName\":\"search_term_string\"}}],\"inLanguage\":\"fr-FR\"},{\"@type\":\"Organization\",\"@id\":\"https:\\\/\\\/btsndrcchopin.fr\\\/#organization\",\"name\":\"BTS NDRC CHOPIN\",\"url\":\"https:\\\/\\\/btsndrcchopin.fr\\\/\",\"logo\":{\"@type\":\"ImageObject\",\"inLanguage\":\"fr-FR\",\"@id\":\"https:\\\/\\\/btsndrcchopin.fr\\\/#\\\/schema\\\/logo\\\/image\\\/\",\"url\":\"https:\\\/\\\/i0.wp.com\\\/btsndrcchopin.fr\\\/wp-content\\\/uploads\\\/2026\\\/02\\\/cropped-NOUVEAU-LOGO-2026.png?fit=1023%2C1023&ssl=1\",\"contentUrl\":\"https:\\\/\\\/i0.wp.com\\\/btsndrcchopin.fr\\\/wp-content\\\/uploads\\\/2026\\\/02\\\/cropped-NOUVEAU-LOGO-2026.png?fit=1023%2C1023&ssl=1\",\"width\":1023,\"height\":1023,\"caption\":\"BTS NDRC CHOPIN\"},\"image\":{\"@id\":\"https:\\\/\\\/btsndrcchopin.fr\\\/#\\\/schema\\\/logo\\\/image\\\/\"},\"sameAs\":[\"https:\\\/\\\/www.linkedin.com\\\/in\\\/bts-ndrc-chopin-5430aa124\\\/\"]}]}<\/script>\n<!-- \/ Yoast SEO plugin. -->","yoast_head_json":{"title":"TOUS LES ENSEIGNEMENTS - BTS NDRC CHOPIN","description":"Tous les enseignements sont articul\u00e9s autour de 29 h hebdomadaires en initial et une alternance de 2.5 jours au lyc\u00e9e \/ entreprise sur 2 ans.","robots":{"index":"index","follow":"follow","max-snippet":"max-snippet:-1","max-image-preview":"max-image-preview:large","max-video-preview":"max-video-preview:-1"},"canonical":"https:\/\/btsndrcchopin.fr\/index.php\/tous-les-enseignements\/","og_locale":"fr_FR","og_type":"article","og_title":"TOUS LES ENSEIGNEMENTS - BTS NDRC CHOPIN","og_description":"Tous les enseignements sont articul\u00e9s autour de 29 h hebdomadaires en initial et une alternance de 2.5 jours au lyc\u00e9e \/ entreprise sur 2 ans.","og_url":"https:\/\/btsndrcchopin.fr\/index.php\/tous-les-enseignements\/","og_site_name":"BTS NDRC CHOPIN","article_modified_time":"2023-11-08T10:44:03+00:00","og_image":[{"width":351,"height":351,"url":"https:\/\/btsndrcchopin.fr\/wp-content\/uploads\/2023\/11\/27OIG.jpg","type":"image\/jpeg"}],"twitter_card":"summary_large_image","twitter_misc":{"Dur\u00e9e de lecture estim\u00e9e":"3 minutes"},"schema":{"@context":"https:\/\/schema.org","@graph":[{"@type":"WebPage","@id":"https:\/\/btsndrcchopin.fr\/index.php\/tous-les-enseignements\/","url":"https:\/\/btsndrcchopin.fr\/index.php\/tous-les-enseignements\/","name":"TOUS LES ENSEIGNEMENTS - BTS NDRC CHOPIN","isPartOf":{"@id":"https:\/\/btsndrcchopin.fr\/#website"},"primaryImageOfPage":{"@id":"https:\/\/btsndrcchopin.fr\/index.php\/tous-les-enseignements\/#primaryimage"},"image":{"@id":"https:\/\/btsndrcchopin.fr\/index.php\/tous-les-enseignements\/#primaryimage"},"thumbnailUrl":"https:\/\/i0.wp.com\/btsndrcchopin.fr\/wp-content\/uploads\/2023\/11\/27OIG.jpg?fit=351%2C351&ssl=1","datePublished":"2023-10-20T10:05:18+00:00","dateModified":"2023-11-08T10:44:03+00:00","description":"Tous les enseignements sont articul\u00e9s autour de 29 h hebdomadaires en initial et une alternance de 2.5 jours au lyc\u00e9e \/ entreprise sur 2 ans.","breadcrumb":{"@id":"https:\/\/btsndrcchopin.fr\/index.php\/tous-les-enseignements\/#breadcrumb"},"inLanguage":"fr-FR","potentialAction":[{"@type":"ReadAction","target":["https:\/\/btsndrcchopin.fr\/index.php\/tous-les-enseignements\/"]}]},{"@type":"ImageObject","inLanguage":"fr-FR","@id":"https:\/\/btsndrcchopin.fr\/index.php\/tous-les-enseignements\/#primaryimage","url":"https:\/\/i0.wp.com\/btsndrcchopin.fr\/wp-content\/uploads\/2023\/11\/27OIG.jpg?fit=351%2C351&ssl=1","contentUrl":"https:\/\/i0.wp.com\/btsndrcchopin.fr\/wp-content\/uploads\/2023\/11\/27OIG.jpg?fit=351%2C351&ssl=1","width":351,"height":351,"caption":"LES DIFFERENTES MATIERES ENSEIGNEES"},{"@type":"BreadcrumbList","@id":"https:\/\/btsndrcchopin.fr\/index.php\/tous-les-enseignements\/#breadcrumb","itemListElement":[{"@type":"ListItem","position":1,"name":"Accueil","item":"https:\/\/btsndrcchopin.fr\/"},{"@type":"ListItem","position":2,"name":"TOUS LES ENSEIGNEMENTS"}]},{"@type":"WebSite","@id":"https:\/\/btsndrcchopin.fr\/#website","url":"https:\/\/btsndrcchopin.fr\/","name":"BTS NDRC CHOPIN","description":"L&#039;excellence commerciale au coeur du monde digital ! Rejoignez-nous !","publisher":{"@id":"https:\/\/btsndrcchopin.fr\/#organization"},"potentialAction":[{"@type":"SearchAction","target":{"@type":"EntryPoint","urlTemplate":"https:\/\/btsndrcchopin.fr\/?s={search_term_string}"},"query-input":{"@type":"PropertyValueSpecification","valueRequired":true,"valueName":"search_term_string"}}],"inLanguage":"fr-FR"},{"@type":"Organization","@id":"https:\/\/btsndrcchopin.fr\/#organization","name":"BTS NDRC CHOPIN","url":"https:\/\/btsndrcchopin.fr\/","logo":{"@type":"ImageObject","inLanguage":"fr-FR","@id":"https:\/\/btsndrcchopin.fr\/#\/schema\/logo\/image\/","url":"https:\/\/i0.wp.com\/btsndrcchopin.fr\/wp-content\/uploads\/2026\/02\/cropped-NOUVEAU-LOGO-2026.png?fit=1023%2C1023&ssl=1","contentUrl":"https:\/\/i0.wp.com\/btsndrcchopin.fr\/wp-content\/uploads\/2026\/02\/cropped-NOUVEAU-LOGO-2026.png?fit=1023%2C1023&ssl=1","width":1023,"height":1023,"caption":"BTS NDRC CHOPIN"},"image":{"@id":"https:\/\/btsndrcchopin.fr\/#\/schema\/logo\/image\/"},"sameAs":["https:\/\/www.linkedin.com\/in\/bts-ndrc-chopin-5430aa124\/"]}]}},"jetpack_sharing_enabled":true,"_links":{"self":[{"href":"https:\/\/btsndrcchopin.fr\/index.php\/wp-json\/wp\/v2\/pages\/52","targetHints":{"allow":["GET"]}}],"collection":[{"href":"https:\/\/btsndrcchopin.fr\/index.php\/wp-json\/wp\/v2\/pages"}],"about":[{"href":"https:\/\/btsndrcchopin.fr\/index.php\/wp-json\/wp\/v2\/types\/page"}],"author":[{"embeddable":true,"href":"https:\/\/btsndrcchopin.fr\/index.php\/wp-json\/wp\/v2\/users\/1"}],"replies":[{"embeddable":true,"href":"https:\/\/btsndrcchopin.fr\/index.php\/wp-json\/wp\/v2\/comments?post=52"}],"version-history":[{"count":7,"href":"https:\/\/btsndrcchopin.fr\/index.php\/wp-json\/wp\/v2\/pages\/52\/revisions"}],"predecessor-version":[{"id":934,"href":"https:\/\/btsndrcchopin.fr\/index.php\/wp-json\/wp\/v2\/pages\/52\/revisions\/934"}],"wp:featuredmedia":[{"embeddable":true,"href":"https:\/\/btsndrcchopin.fr\/index.php\/wp-json\/wp\/v2\/media\/923"}],"wp:attachment":[{"href":"https:\/\/btsndrcchopin.fr\/index.php\/wp-json\/wp\/v2\/media?parent=52"}],"curies":[{"name":"wp","href":"https:\/\/api.w.org\/{rel}","templated":true}]}}