{"id":610,"date":"2023-11-01T16:37:20","date_gmt":"2023-11-01T15:37:20","guid":{"rendered":"https:\/\/btsndrcchopin.fr\/?page_id=610"},"modified":"2023-11-01T17:59:19","modified_gmt":"2023-11-01T16:59:19","slug":"les-modalites-des-stages","status":"publish","type":"page","link":"https:\/\/btsndrcchopin.fr\/index.php\/les-modalites-des-stages\/","title":{"rendered":"Les modalit\u00e9s des stages"},"content":{"rendered":"\n<p>Les modalit\u00e9s des stages pour le BTS N\u00e9gociation et Digitalisation de la Relation Client (NDRC) peuvent varier d&rsquo;une \u00e9cole \u00e0 l&rsquo;autre, mais voici g\u00e9n\u00e9ralement ce \u00e0 quoi vous pouvez vous attendre au lyc\u00e9e Chopin :<\/p>\n\n\n\n<h2 class=\"wp-block-heading\">Dur\u00e9e <\/h2>\n\n\n\n<p>Les stages en BTS NDRC se r\u00e9partissent  en 3 p\u00e9riodes sur les deux ann\u00e9es de formation. <\/p>\n\n\n\n<ul class=\"wp-block-list\">\n<li>en 1\u00e8re ann\u00e9e : 2 p\u00e9riodes<\/li>\n\n\n\n<li>en 2nde ann\u00e9e : 1 p\u00e9riode<\/li>\n\n\n\n<li>le cumul des stages doit imp\u00e9rativement \u00eatre de  16 semaines.  <\/li>\n\n\n\n<li>ces stages sont compl\u00e9t\u00e9s par des actions commerciales men\u00e9es au sein de la section NDRC du lyc\u00e9e Chopin.<\/li>\n<\/ul>\n\n\n\n<h2 class=\"wp-block-heading\">Type de stages<\/h2>\n\n\n\n<p>Il y a diff\u00e9rents types de stages requis :  stage de prospection,  stage grande distribution, un stage de n\u00e9gociation ou encore stage de vente en r\u00e9union. Ces stages visent \u00e0 vous donner une exp\u00e9rience pratique dans le domaine de la relation client.<\/p>\n\n\n<div class=\"wp-block-image is-style-rounded\">\n<figure class=\"aligncenter size-full\"><img data-recalc-dims=\"1\" decoding=\"async\" src=\"https:\/\/i0.wp.com\/wp26-c12699-4.btsndrc.ac\/wp-content\/uploads\/2023\/10\/iSma.jpg?w=950&#038;ssl=1\" alt=\"Les modalit\u00e9s de stages bts Ndrc Chopin \" class=\"wp-image-388\"\/><\/figure>\n<\/div>\n\n\n<h2 class=\"wp-block-heading\">Suivi p\u00e9dagogique <\/h2>\n\n\n\n<p>Pendant votre stage, vous serez suivi par un tuteur p\u00e9dagogique du lyc\u00e9e. Vous devrez r\u00e9diger des fiches d&rsquo;activit\u00e9 li\u00e9es aux stages \u00e0 la fin de chaque p\u00e9riode de stage, et  pr\u00e9senter votre travail lors d&rsquo;entretien avec l&rsquo;enseignant en charge de la mati\u00e8re \u00e0 l&rsquo;oral.<\/p>\n\n\n\n<h2 class=\"wp-block-heading\"><strong>Objectifs<\/strong> <\/h2>\n\n\n\n<p>Les modalit\u00e9s des stages ont pour objectifs de vous permettre d&rsquo;appliquer les comp\u00e9tences acquises dans l&rsquo;environnement professionnel et en classe, de d\u00e9velopper vos comp\u00e9tences en n\u00e9gociation, prospection et relation client, et de vous familiariser avec le fonctionnement d&rsquo;une entreprise dans ce domaine.<\/p>\n\n\n<div class=\"wp-block-image is-style-rounded\">\n<figure class=\"aligncenter size-full is-resized\"><img data-recalc-dims=\"1\" loading=\"lazy\" decoding=\"async\" width=\"337\" height=\"150\" src=\"https:\/\/i0.wp.com\/btsndrcchopin.fr\/wp-content\/uploads\/2023\/11\/iSma-2.jpg?resize=337%2C150&#038;ssl=1\" alt=\"Les modalit\u00e9s de stages bts Ndrc Chopin \" class=\"wp-image-616\" style=\"aspect-ratio:2.2466666666666666;width:467px;height:auto\" srcset=\"https:\/\/i0.wp.com\/btsndrcchopin.fr\/wp-content\/uploads\/2023\/11\/iSma-2.jpg?w=337&amp;ssl=1 337w, https:\/\/i0.wp.com\/btsndrcchopin.fr\/wp-content\/uploads\/2023\/11\/iSma-2.jpg?resize=300%2C134&amp;ssl=1 300w\" sizes=\"auto, (max-width: 337px) 100vw, 337px\" \/><\/figure>\n<\/div>","protected":false},"excerpt":{"rendered":"<p>Les modalit\u00e9s des stages pour le BTS N\u00e9gociation et Digitalisation de la Relation Client (NDRC) peuvent varier d&rsquo;une \u00e9cole \u00e0 l&rsquo;autre, mais voici g\u00e9n\u00e9ralement ce \u00e0 quoi vous pouvez vous attendre au lyc\u00e9e Chopin : Dur\u00e9e Les stages en BTS NDRC se r\u00e9partissent en 3 p\u00e9riodes sur les deux ann\u00e9es de formation. Type de stages &hellip; <\/p>\n<p class=\"link-more\"><a href=\"https:\/\/btsndrcchopin.fr\/index.php\/les-modalites-des-stages\/\" class=\"more-link\">Lire la suite de<span class=\"screen-reader-text\">\u00ab\u00a0Les modalit\u00e9s des stages\u00a0\u00bb<\/span><\/a><\/p>\n","protected":false},"author":1,"featured_media":0,"parent":0,"menu_order":0,"comment_status":"closed","ping_status":"closed","template":"","meta":{"jetpack_post_was_ever_published":false,"footnotes":""},"class_list":["post-610","page","type-page","status-publish","hentry"],"yoast_head":"<!-- This site is optimized with the Yoast SEO plugin v27.4 - https:\/\/yoast.com\/product\/yoast-seo-wordpress\/ -->\n<title>Les modalit\u00e9s des stages - BTS NDRC CHOPIN<\/title>\n<meta name=\"description\" content=\"Les modalit\u00e9s des stages ont pour objectifs de vous permettre d&#039;appliquer les comp\u00e9tences acquises dans l&#039;environnement professionnel et en classe\" \/>\n<meta name=\"robots\" content=\"index, follow, max-snippet:-1, max-image-preview:large, max-video-preview:-1\" \/>\n<link rel=\"canonical\" href=\"https:\/\/btsndrcchopin.fr\/index.php\/les-modalites-des-stages\/\" \/>\n<meta property=\"og:locale\" content=\"fr_FR\" \/>\n<meta property=\"og:type\" content=\"article\" \/>\n<meta property=\"og:title\" content=\"Les modalit\u00e9s des stages - BTS NDRC CHOPIN\" \/>\n<meta property=\"og:description\" content=\"Les modalit\u00e9s des stages ont pour objectifs de vous permettre d&#039;appliquer les comp\u00e9tences acquises dans l&#039;environnement professionnel et en classe\" \/>\n<meta property=\"og:url\" content=\"https:\/\/btsndrcchopin.fr\/index.php\/les-modalites-des-stages\/\" \/>\n<meta property=\"og:site_name\" content=\"BTS NDRC CHOPIN\" \/>\n<meta property=\"article:modified_time\" content=\"2023-11-01T16:59:19+00:00\" \/>\n<meta property=\"og:image\" content=\"https:\/\/wp26-c12699-4.btsndrc.ac\/wp-content\/uploads\/2023\/10\/iSma.jpg\" \/>\n<meta name=\"twitter:card\" content=\"summary_large_image\" \/>\n<meta name=\"twitter:label1\" content=\"Dur\u00e9e de lecture estim\u00e9e\" \/>\n\t<meta name=\"twitter:data1\" content=\"2 minutes\" \/>\n<script type=\"application\/ld+json\" class=\"yoast-schema-graph\">{\"@context\":\"https:\\\/\\\/schema.org\",\"@graph\":[{\"@type\":\"WebPage\",\"@id\":\"https:\\\/\\\/btsndrcchopin.fr\\\/index.php\\\/les-modalites-des-stages\\\/\",\"url\":\"https:\\\/\\\/btsndrcchopin.fr\\\/index.php\\\/les-modalites-des-stages\\\/\",\"name\":\"Les modalit\u00e9s des stages - BTS NDRC CHOPIN\",\"isPartOf\":{\"@id\":\"https:\\\/\\\/btsndrcchopin.fr\\\/#website\"},\"primaryImageOfPage\":{\"@id\":\"https:\\\/\\\/btsndrcchopin.fr\\\/index.php\\\/les-modalites-des-stages\\\/#primaryimage\"},\"image\":{\"@id\":\"https:\\\/\\\/btsndrcchopin.fr\\\/index.php\\\/les-modalites-des-stages\\\/#primaryimage\"},\"thumbnailUrl\":\"https:\\\/\\\/wp26-c12699-4.btsndrc.ac\\\/wp-content\\\/uploads\\\/2023\\\/10\\\/iSma.jpg\",\"datePublished\":\"2023-11-01T15:37:20+00:00\",\"dateModified\":\"2023-11-01T16:59:19+00:00\",\"description\":\"Les modalit\u00e9s des stages ont pour objectifs de vous permettre d'appliquer les comp\u00e9tences acquises dans l'environnement professionnel et en classe\",\"breadcrumb\":{\"@id\":\"https:\\\/\\\/btsndrcchopin.fr\\\/index.php\\\/les-modalites-des-stages\\\/#breadcrumb\"},\"inLanguage\":\"fr-FR\",\"potentialAction\":[{\"@type\":\"ReadAction\",\"target\":[\"https:\\\/\\\/btsndrcchopin.fr\\\/index.php\\\/les-modalites-des-stages\\\/\"]}]},{\"@type\":\"ImageObject\",\"inLanguage\":\"fr-FR\",\"@id\":\"https:\\\/\\\/btsndrcchopin.fr\\\/index.php\\\/les-modalites-des-stages\\\/#primaryimage\",\"url\":\"https:\\\/\\\/wp26-c12699-4.btsndrc.ac\\\/wp-content\\\/uploads\\\/2023\\\/10\\\/iSma.jpg\",\"contentUrl\":\"https:\\\/\\\/wp26-c12699-4.btsndrc.ac\\\/wp-content\\\/uploads\\\/2023\\\/10\\\/iSma.jpg\"},{\"@type\":\"BreadcrumbList\",\"@id\":\"https:\\\/\\\/btsndrcchopin.fr\\\/index.php\\\/les-modalites-des-stages\\\/#breadcrumb\",\"itemListElement\":[{\"@type\":\"ListItem\",\"position\":1,\"name\":\"Accueil\",\"item\":\"https:\\\/\\\/btsndrcchopin.fr\\\/\"},{\"@type\":\"ListItem\",\"position\":2,\"name\":\"Les modalit\u00e9s des stages\"}]},{\"@type\":\"WebSite\",\"@id\":\"https:\\\/\\\/btsndrcchopin.fr\\\/#website\",\"url\":\"https:\\\/\\\/btsndrcchopin.fr\\\/\",\"name\":\"BTS NDRC CHOPIN\",\"description\":\"L&#039;excellence commerciale au coeur du monde digital ! Rejoignez-nous !\",\"publisher\":{\"@id\":\"https:\\\/\\\/btsndrcchopin.fr\\\/#organization\"},\"potentialAction\":[{\"@type\":\"SearchAction\",\"target\":{\"@type\":\"EntryPoint\",\"urlTemplate\":\"https:\\\/\\\/btsndrcchopin.fr\\\/?s={search_term_string}\"},\"query-input\":{\"@type\":\"PropertyValueSpecification\",\"valueRequired\":true,\"valueName\":\"search_term_string\"}}],\"inLanguage\":\"fr-FR\"},{\"@type\":\"Organization\",\"@id\":\"https:\\\/\\\/btsndrcchopin.fr\\\/#organization\",\"name\":\"BTS NDRC CHOPIN\",\"url\":\"https:\\\/\\\/btsndrcchopin.fr\\\/\",\"logo\":{\"@type\":\"ImageObject\",\"inLanguage\":\"fr-FR\",\"@id\":\"https:\\\/\\\/btsndrcchopin.fr\\\/#\\\/schema\\\/logo\\\/image\\\/\",\"url\":\"https:\\\/\\\/i0.wp.com\\\/btsndrcchopin.fr\\\/wp-content\\\/uploads\\\/2026\\\/02\\\/cropped-NOUVEAU-LOGO-2026.png?fit=1023%2C1023&ssl=1\",\"contentUrl\":\"https:\\\/\\\/i0.wp.com\\\/btsndrcchopin.fr\\\/wp-content\\\/uploads\\\/2026\\\/02\\\/cropped-NOUVEAU-LOGO-2026.png?fit=1023%2C1023&ssl=1\",\"width\":1023,\"height\":1023,\"caption\":\"BTS NDRC CHOPIN\"},\"image\":{\"@id\":\"https:\\\/\\\/btsndrcchopin.fr\\\/#\\\/schema\\\/logo\\\/image\\\/\"},\"sameAs\":[\"https:\\\/\\\/www.linkedin.com\\\/in\\\/bts-ndrc-chopin-5430aa124\\\/\"]}]}<\/script>\n<!-- \/ Yoast SEO plugin. -->","yoast_head_json":{"title":"Les modalit\u00e9s des stages - BTS NDRC CHOPIN","description":"Les modalit\u00e9s des stages ont pour objectifs de vous permettre d'appliquer les comp\u00e9tences acquises dans l'environnement professionnel et en classe","robots":{"index":"index","follow":"follow","max-snippet":"max-snippet:-1","max-image-preview":"max-image-preview:large","max-video-preview":"max-video-preview:-1"},"canonical":"https:\/\/btsndrcchopin.fr\/index.php\/les-modalites-des-stages\/","og_locale":"fr_FR","og_type":"article","og_title":"Les modalit\u00e9s des stages - BTS NDRC CHOPIN","og_description":"Les modalit\u00e9s des stages ont pour objectifs de vous permettre d'appliquer les comp\u00e9tences acquises dans l'environnement professionnel et en classe","og_url":"https:\/\/btsndrcchopin.fr\/index.php\/les-modalites-des-stages\/","og_site_name":"BTS NDRC CHOPIN","article_modified_time":"2023-11-01T16:59:19+00:00","og_image":[{"url":"https:\/\/wp26-c12699-4.btsndrc.ac\/wp-content\/uploads\/2023\/10\/iSma.jpg","type":"","width":"","height":""}],"twitter_card":"summary_large_image","twitter_misc":{"Dur\u00e9e de lecture estim\u00e9e":"2 minutes"},"schema":{"@context":"https:\/\/schema.org","@graph":[{"@type":"WebPage","@id":"https:\/\/btsndrcchopin.fr\/index.php\/les-modalites-des-stages\/","url":"https:\/\/btsndrcchopin.fr\/index.php\/les-modalites-des-stages\/","name":"Les modalit\u00e9s des stages - BTS NDRC CHOPIN","isPartOf":{"@id":"https:\/\/btsndrcchopin.fr\/#website"},"primaryImageOfPage":{"@id":"https:\/\/btsndrcchopin.fr\/index.php\/les-modalites-des-stages\/#primaryimage"},"image":{"@id":"https:\/\/btsndrcchopin.fr\/index.php\/les-modalites-des-stages\/#primaryimage"},"thumbnailUrl":"https:\/\/wp26-c12699-4.btsndrc.ac\/wp-content\/uploads\/2023\/10\/iSma.jpg","datePublished":"2023-11-01T15:37:20+00:00","dateModified":"2023-11-01T16:59:19+00:00","description":"Les modalit\u00e9s des stages ont pour objectifs de vous permettre d'appliquer les comp\u00e9tences acquises dans l'environnement professionnel et en classe","breadcrumb":{"@id":"https:\/\/btsndrcchopin.fr\/index.php\/les-modalites-des-stages\/#breadcrumb"},"inLanguage":"fr-FR","potentialAction":[{"@type":"ReadAction","target":["https:\/\/btsndrcchopin.fr\/index.php\/les-modalites-des-stages\/"]}]},{"@type":"ImageObject","inLanguage":"fr-FR","@id":"https:\/\/btsndrcchopin.fr\/index.php\/les-modalites-des-stages\/#primaryimage","url":"https:\/\/wp26-c12699-4.btsndrc.ac\/wp-content\/uploads\/2023\/10\/iSma.jpg","contentUrl":"https:\/\/wp26-c12699-4.btsndrc.ac\/wp-content\/uploads\/2023\/10\/iSma.jpg"},{"@type":"BreadcrumbList","@id":"https:\/\/btsndrcchopin.fr\/index.php\/les-modalites-des-stages\/#breadcrumb","itemListElement":[{"@type":"ListItem","position":1,"name":"Accueil","item":"https:\/\/btsndrcchopin.fr\/"},{"@type":"ListItem","position":2,"name":"Les modalit\u00e9s des stages"}]},{"@type":"WebSite","@id":"https:\/\/btsndrcchopin.fr\/#website","url":"https:\/\/btsndrcchopin.fr\/","name":"BTS NDRC CHOPIN","description":"L&#039;excellence commerciale au coeur du monde digital ! Rejoignez-nous !","publisher":{"@id":"https:\/\/btsndrcchopin.fr\/#organization"},"potentialAction":[{"@type":"SearchAction","target":{"@type":"EntryPoint","urlTemplate":"https:\/\/btsndrcchopin.fr\/?s={search_term_string}"},"query-input":{"@type":"PropertyValueSpecification","valueRequired":true,"valueName":"search_term_string"}}],"inLanguage":"fr-FR"},{"@type":"Organization","@id":"https:\/\/btsndrcchopin.fr\/#organization","name":"BTS NDRC CHOPIN","url":"https:\/\/btsndrcchopin.fr\/","logo":{"@type":"ImageObject","inLanguage":"fr-FR","@id":"https:\/\/btsndrcchopin.fr\/#\/schema\/logo\/image\/","url":"https:\/\/i0.wp.com\/btsndrcchopin.fr\/wp-content\/uploads\/2026\/02\/cropped-NOUVEAU-LOGO-2026.png?fit=1023%2C1023&ssl=1","contentUrl":"https:\/\/i0.wp.com\/btsndrcchopin.fr\/wp-content\/uploads\/2026\/02\/cropped-NOUVEAU-LOGO-2026.png?fit=1023%2C1023&ssl=1","width":1023,"height":1023,"caption":"BTS NDRC CHOPIN"},"image":{"@id":"https:\/\/btsndrcchopin.fr\/#\/schema\/logo\/image\/"},"sameAs":["https:\/\/www.linkedin.com\/in\/bts-ndrc-chopin-5430aa124\/"]}]}},"jetpack_sharing_enabled":true,"_links":{"self":[{"href":"https:\/\/btsndrcchopin.fr\/index.php\/wp-json\/wp\/v2\/pages\/610","targetHints":{"allow":["GET"]}}],"collection":[{"href":"https:\/\/btsndrcchopin.fr\/index.php\/wp-json\/wp\/v2\/pages"}],"about":[{"href":"https:\/\/btsndrcchopin.fr\/index.php\/wp-json\/wp\/v2\/types\/page"}],"author":[{"embeddable":true,"href":"https:\/\/btsndrcchopin.fr\/index.php\/wp-json\/wp\/v2\/users\/1"}],"replies":[{"embeddable":true,"href":"https:\/\/btsndrcchopin.fr\/index.php\/wp-json\/wp\/v2\/comments?post=610"}],"version-history":[{"count":8,"href":"https:\/\/btsndrcchopin.fr\/index.php\/wp-json\/wp\/v2\/pages\/610\/revisions"}],"predecessor-version":[{"id":626,"href":"https:\/\/btsndrcchopin.fr\/index.php\/wp-json\/wp\/v2\/pages\/610\/revisions\/626"}],"wp:attachment":[{"href":"https:\/\/btsndrcchopin.fr\/index.php\/wp-json\/wp\/v2\/media?parent=610"}],"curies":[{"name":"wp","href":"https:\/\/api.w.org\/{rel}","templated":true}]}}