{"id":70,"date":"2023-10-20T12:10:50","date_gmt":"2023-10-20T10:10:50","guid":{"rendered":"https:\/\/btsndrcchopin.fr\/?page_id=70"},"modified":"2023-11-07T19:48:48","modified_gmt":"2023-11-07T18:48:48","slug":"pour-nous-trouver","status":"publish","type":"page","link":"https:\/\/btsndrcchopin.fr\/index.php\/pour-nous-trouver\/","title":{"rendered":"POUR NOUS TROUVER ?"},"content":{"rendered":"\n<p class=\"has-black-color has-text-color has-medium-font-size\">Pour nous trouver ? Rien de plus simple. Sous cette rubrique, vous trouverez l&rsquo;adresse de la cit\u00e9 scolaire et les moyens pour acc\u00e9der \u00e0 notre cit\u00e9 scolaire, ainsi qu&rsquo;un plan d&rsquo;acc\u00e8s de l&rsquo;\u00e9tablissement. On a \u00e9galement mis \u00e0 votre disposition, des infos concernant les diff\u00e9rentes lignes de bus  passant \u00e0 proximit\u00e9 du lyc\u00e9e.<\/p>\n\n\n\n<figure class=\"wp-block-image alignwide size-large\"><img data-recalc-dims=\"1\" height=\"1024\" width=\"943\" decoding=\"async\" src=\"https:\/\/i0.wp.com\/wp30-c12699-4.btsndrc.ac\/wp-content\/uploads\/2023\/09\/IMG-2039-943x1024.jpg?resize=943%2C1024&#038;ssl=1\" alt=\"Cit\u00e9 scolaire Bertin Nancy\" class=\"wp-image-149\"\/><\/figure>\n\n\n\n<h2 class=\"wp-block-heading has-black-color has-text-color\">Les diff\u00e9rentes cit\u00e9s scolaires.<\/h2>\n\n\n\n<h3 class=\"wp-block-heading\">Cit\u00e9 Bertin<\/h3>\n\n\n\n<p class=\"has-black-color has-text-color\">La cit\u00e9 Bertin concerne la section technologique et post-bac sont constitu\u00e9s de 3 b\u00e2timents, avec chacun 4 \u00e9tages. <\/p>\n\n\n\n<p class=\"has-black-color has-text-color\">Un b\u00e2timent Sud, Milieu et Nord. Ci-dessous vous retrouverez les num\u00e9ros de salles importantes (Secr\u00e9tariat, Vie scolaire, CPE&#8230;)<\/p>\n\n\n<div class=\"wp-block-image\">\n<figure class=\"aligncenter size-full is-resized\"><img data-recalc-dims=\"1\" decoding=\"async\" src=\"https:\/\/i0.wp.com\/wp30-c12699-4.btsndrc.ac\/wp-content\/uploads\/2023\/09\/bertin.jpg?w=950&#038;ssl=1\" alt=\"Cit\u00e9 Bertin BTS NDRC Chopin\" class=\"wp-image-277\" style=\"width:757px;height:522px\"\/><\/figure>\n<\/div>\n\n\n<p class=\"has-black-color has-text-color\"><strong>Aile S<\/strong><br><strong>Rez-de-chauss\u00e9e<\/strong><br>S03 &#8211; Bureaux des Assistants d&rsquo;\u00c9ducation &#8211; Acc\u00e8s libre informatique<br>Foyer des Internes&nbsp;&nbsp;&nbsp;&nbsp;<\/p>\n\n\n\n<p class=\"has-black-color has-text-color\"><strong>Aile M<\/strong>&nbsp;<br><strong>Rez-de-chauss\u00e9e<\/strong><br>Acc\u00e8s Salle Polyvalente<br>M00 &#8211; CPE<br>M01 &#8211; Bureau du Proviseur Adjoint &#8211;&nbsp;<strong>M. Gabet Denis<\/strong><br>M01 &#8211; Secr\u00e9tariat Post-Bac &#8211;&nbsp;<strong>Mme Marie-Ange BOIS<\/strong>&nbsp;<\/p>\n\n\n\n<p class=\"has-black-color has-text-color\"><strong>Aile N<\/strong><br><strong>Rez-de-chauss\u00e9e<\/strong><br>Acc\u00e8s Salle Moli\u00e8re (enseignement d&rsquo;Art dramatique).<\/p>\n\n\n\n<p class=\"has-black-color has-text-color\"><strong>Troisi\u00e8me \u00e9tage<\/strong><br>M34B &#8211; Bureau du Directeur D\u00e9l\u00e9gu\u00e9 aux Formations Technologiques &#8211;&nbsp;<strong>M. Denis GALLOT&nbsp;<\/strong><\/p>\n\n\n\n<h3 class=\"wp-block-heading\">Cit\u00e9 Blandan<\/h3>\n\n\n\n<p class=\"has-black-color has-text-color\">La cit\u00e9 scolaire Blandan se situant \u00e0 proximit\u00e9 du complexe Nancy Thermal, comprend le coll\u00e8ge et le lyc\u00e9e g\u00e9n\u00e9ral.<\/p>\n\n\n\n<p class=\"has-black-color has-text-color\">Le coll\u00e8ge est repr\u00e9sent\u00e9 par le b\u00e2timent E, le lyc\u00e9e g\u00e9n\u00e9ral quant \u00e0 lui est repr\u00e9sent\u00e9 par les b\u00e2timents A, B, C et D.<\/p>\n\n\n<div class=\"wp-block-image\">\n<figure class=\"aligncenter size-full\"><img data-recalc-dims=\"1\" decoding=\"async\" src=\"https:\/\/i0.wp.com\/wp30-c12699-4.btsndrc.ac\/wp-content\/uploads\/2023\/09\/blandan.jpg?w=950&#038;ssl=1\" alt=\"Cit\u00e9 blandan BTS NDRC Chopin\" class=\"wp-image-293\"\/><\/figure>\n<\/div>\n\n\n<div style=\"height:50px\" aria-hidden=\"true\" class=\"wp-block-spacer\"><\/div>\n\n\n\n<h2 class=\"wp-block-heading has-black-color has-text-color\">Adresse de la cit\u00e9 scolaire.<\/h2>\n\n\n\n<p class=\"has-black-color has-text-color\">Notre cit\u00e9 scolaire est accessibles par deux adresses : <\/p>\n\n\n\n<figure class=\"wp-block-image alignwide size-full\"><img data-recalc-dims=\"1\" decoding=\"async\" src=\"https:\/\/i0.wp.com\/wp30-c12699-4.btsndrc.ac\/wp-content\/uploads\/2023\/09\/plan-cite-scolaire-carte.png?w=950&#038;ssl=1\" alt=\"Cit\u00e9 scolaire BTS NDRC Chopin\" class=\"wp-image-342\"\/><\/figure>\n\n\n\n<h3 class=\"wp-block-heading has-black-color has-text-color\">POUR NOUS TROUVER ? Acc\u00e8s par la cit\u00e9 Bertin.<\/h3>\n\n\n<div class=\"wp-block-image\">\n<figure class=\"aligncenter size-full\"><img data-recalc-dims=\"1\" loading=\"lazy\" decoding=\"async\" width=\"950\" height=\"515\" src=\"https:\/\/i0.wp.com\/btsndrcchopin.fr\/wp-content\/uploads\/2023\/11\/D691FF13-6827-43F8-AC63-7E2A99C325E8_1_201_a-1024x555-1.jpeg?resize=950%2C515&#038;ssl=1\" alt=\"entr\u00e9e rue Bertin bts ndrc Chopin\" class=\"wp-image-646\" srcset=\"https:\/\/i0.wp.com\/btsndrcchopin.fr\/wp-content\/uploads\/2023\/11\/D691FF13-6827-43F8-AC63-7E2A99C325E8_1_201_a-1024x555-1.jpeg?w=1024&amp;ssl=1 1024w, https:\/\/i0.wp.com\/btsndrcchopin.fr\/wp-content\/uploads\/2023\/11\/D691FF13-6827-43F8-AC63-7E2A99C325E8_1_201_a-1024x555-1.jpeg?resize=300%2C163&amp;ssl=1 300w, https:\/\/i0.wp.com\/btsndrcchopin.fr\/wp-content\/uploads\/2023\/11\/D691FF13-6827-43F8-AC63-7E2A99C325E8_1_201_a-1024x555-1.jpeg?resize=768%2C416&amp;ssl=1 768w\" sizes=\"auto, (max-width: 950px) 100vw, 950px\" \/><figcaption class=\"wp-element-caption\">Le portail situ\u00e9 face des b\u00e2timents (Rue \u00c9mile Bertin), permet un acc\u00e8s rapide et direct.<\/figcaption><\/figure>\n<\/div>\n\n\n<iframe src=\"https:\/\/www.google.com\/maps\/embed?pb=!1m18!1m12!1m3!1d2634.3094269456155!2d6.164101975970283!3d48.680448413213156!2m3!1f0!2f0!3f0!3m2!1i1024!2i768!4f13.1!3m3!1m2!1s0x479498727bb0495b%3A0x4fe54bfab88770bc!2zTHljw6llIEZyw6lkw6lyaWMgQ2hvcGlu!5e0!3m2!1sfr!2sfr!4v1698861387742!5m2!1sfr!2sfr\" width=\"600\" height=\"450\" style=\"border:0;\" allowfullscreen=\"\" loading=\"lazy\" referrerpolicy=\"no-referrer-when-downgrade\"><\/iframe>\n\n\n\n<div style=\"height:30px\" aria-hidden=\"true\" class=\"wp-block-spacer\"><\/div>\n\n\n\n<h3 class=\"wp-block-heading has-black-color has-text-color\">POUR NOUS TROUVER ? Acc\u00e8s par la cit\u00e9 Blandan.<\/h3>\n\n\n\n<p class=\"has-black-color has-text-color\">Il est \u00e9galement possible de passer par la cit\u00e9 scolaire Blandan, un pont qui passe au-dessus de la route relie les deux cit\u00e9s scolaires. Il permet donc aux \u00e9l\u00e8ves d&rsquo;y acc\u00e9der du cot\u00e9 de Nancy Thermal, ce qui leur \u00e9vite d&rsquo;effectuer un d\u00e9tour.<\/p>\n\n\n\n<h3 class=\"wp-block-heading\"><em>Adresse de la cit\u00e9 scolaire Blandan : 39 Rue Sergent Blandan, 54000 NANCY.<\/em><\/h3>\n\n\n\n<div style=\"height:50px\" aria-hidden=\"true\" class=\"wp-block-spacer\"><\/div>\n\n\n\n<h2 class=\"wp-block-heading has-black-color has-text-color\"><a href=\"https:\/\/www.reseau-stan.com\">Lignes<\/a> de transports \u00e0 proximit\u00e9.<\/h2>\n\n\n\n<p class=\"has-black-color has-text-color\">La ville de Nancy est desservie par le r\u00e9seau de transport STAN, comprenant des trams et des bus.<\/p>\n\n\n\n<p class=\"has-black-color has-text-color\">Le lyc\u00e9e se trouve \u00e0 environ 2 km de la gare de Nancy. On y retrouve \u00e0 proximit\u00e9 du lyc\u00e9e, on trouve les arr\u00eats de bus, Painlev\u00e9 et Bertin.<\/p>\n\n\n\n<p class=\"has-black-color has-text-color\">On retrouve \u00e9galement les lignes : <\/p>\n\n\n\n<ul class=\"wp-block-list\">\n<li><mark style=\"background-color:rgba(0, 0, 0, 0)\" class=\"has-inline-color has-ast-global-color-8-color\">Ligne 10<\/mark> <\/li>\n\n\n\n<li><mark style=\"background-color:rgba(0, 0, 0, 0)\" class=\"has-inline-color has-ast-global-color-8-color\">Ligne 11<\/mark><\/li>\n\n\n\n<li><mark style=\"background-color:rgba(0, 0, 0, 0)\" class=\"has-inline-color has-ast-global-color-8-color\">Brabois Express<\/mark><\/li>\n\n\n\n<li><mark style=\"background-color:rgba(0, 0, 0, 0)\" class=\"has-inline-color has-ast-global-color-8-color\">Ligne 16<\/mark><\/li>\n\n\n\n<li><mark style=\"background-color:rgba(0, 0, 0, 0)\" class=\"has-inline-color has-ast-global-color-8-color\">Ligne B<\/mark><\/li>\n<\/ul>\n","protected":false},"excerpt":{"rendered":"<p>Pour nous trouver ? Rien de plus simple. Sous cette rubrique, vous trouverez l&rsquo;adresse de la cit\u00e9 scolaire et les moyens pour acc\u00e9der \u00e0 notre cit\u00e9 scolaire, ainsi qu&rsquo;un plan d&rsquo;acc\u00e8s de l&rsquo;\u00e9tablissement. On a \u00e9galement mis \u00e0 votre disposition, des infos concernant les diff\u00e9rentes lignes de bus passant \u00e0 proximit\u00e9 du lyc\u00e9e. Les diff\u00e9rentes &hellip; <\/p>\n<p class=\"link-more\"><a href=\"https:\/\/btsndrcchopin.fr\/index.php\/pour-nous-trouver\/\" class=\"more-link\">Lire la suite de<span class=\"screen-reader-text\">\u00ab\u00a0POUR NOUS TROUVER ?\u00a0\u00bb<\/span><\/a><\/p>\n","protected":false},"author":1,"featured_media":821,"parent":0,"menu_order":0,"comment_status":"closed","ping_status":"closed","template":"","meta":{"jetpack_post_was_ever_published":false,"footnotes":""},"class_list":["post-70","page","type-page","status-publish","has-post-thumbnail","hentry"],"yoast_head":"<!-- This site is optimized with the Yoast SEO plugin v27.3 - https:\/\/yoast.com\/product\/yoast-seo-wordpress\/ -->\n<title>POUR NOUS TROUVER ? - BTS NDRC CHOPIN<\/title>\n<meta name=\"description\" content=\"Pour nous trouver ? La section BTS NDRC \u00e0 CHOPIN, toutes les infos et plans dans cette page du site de la section NDRC.\" \/>\n<meta name=\"robots\" content=\"index, follow, max-snippet:-1, max-image-preview:large, max-video-preview:-1\" \/>\n<link rel=\"canonical\" href=\"https:\/\/btsndrcchopin.fr\/index.php\/pour-nous-trouver\/\" \/>\n<meta property=\"og:locale\" content=\"fr_FR\" \/>\n<meta property=\"og:type\" content=\"article\" \/>\n<meta property=\"og:title\" content=\"POUR NOUS TROUVER ? - BTS NDRC CHOPIN\" \/>\n<meta property=\"og:description\" content=\"Pour nous trouver ? La section BTS NDRC \u00e0 CHOPIN, toutes les infos et plans dans cette page du site de la section NDRC.\" \/>\n<meta property=\"og:url\" content=\"https:\/\/btsndrcchopin.fr\/index.php\/pour-nous-trouver\/\" \/>\n<meta property=\"og:site_name\" content=\"BTS NDRC CHOPIN\" \/>\n<meta property=\"article:modified_time\" content=\"2023-11-07T18:48:48+00:00\" \/>\n<meta property=\"og:image\" content=\"https:\/\/btsndrcchopin.fr\/wp-content\/uploads\/2023\/11\/2dd75cf0-5bd3-4110-9ccc-a9588f5158c9-1.jpg\" \/>\n\t<meta property=\"og:image:width\" content=\"1024\" \/>\n\t<meta property=\"og:image:height\" content=\"1024\" \/>\n\t<meta property=\"og:image:type\" content=\"image\/jpeg\" \/>\n<meta name=\"twitter:card\" content=\"summary_large_image\" \/>\n<meta name=\"twitter:label1\" content=\"Dur\u00e9e de lecture estim\u00e9e\" \/>\n\t<meta name=\"twitter:data1\" content=\"3 minutes\" \/>\n<script type=\"application\/ld+json\" class=\"yoast-schema-graph\">{\"@context\":\"https:\\\/\\\/schema.org\",\"@graph\":[{\"@type\":\"WebPage\",\"@id\":\"https:\\\/\\\/btsndrcchopin.fr\\\/index.php\\\/pour-nous-trouver\\\/\",\"url\":\"https:\\\/\\\/btsndrcchopin.fr\\\/index.php\\\/pour-nous-trouver\\\/\",\"name\":\"POUR NOUS TROUVER ? - BTS NDRC CHOPIN\",\"isPartOf\":{\"@id\":\"https:\\\/\\\/btsndrcchopin.fr\\\/#website\"},\"primaryImageOfPage\":{\"@id\":\"https:\\\/\\\/btsndrcchopin.fr\\\/index.php\\\/pour-nous-trouver\\\/#primaryimage\"},\"image\":{\"@id\":\"https:\\\/\\\/btsndrcchopin.fr\\\/index.php\\\/pour-nous-trouver\\\/#primaryimage\"},\"thumbnailUrl\":\"https:\\\/\\\/i0.wp.com\\\/btsndrcchopin.fr\\\/wp-content\\\/uploads\\\/2023\\\/11\\\/2dd75cf0-5bd3-4110-9ccc-a9588f5158c9-1.jpg?fit=1024%2C1024&ssl=1\",\"datePublished\":\"2023-10-20T10:10:50+00:00\",\"dateModified\":\"2023-11-07T18:48:48+00:00\",\"description\":\"Pour nous trouver ? La section BTS NDRC \u00e0 CHOPIN, toutes les infos et plans dans cette page du site de la section NDRC.\",\"breadcrumb\":{\"@id\":\"https:\\\/\\\/btsndrcchopin.fr\\\/index.php\\\/pour-nous-trouver\\\/#breadcrumb\"},\"inLanguage\":\"fr-FR\",\"potentialAction\":[{\"@type\":\"ReadAction\",\"target\":[\"https:\\\/\\\/btsndrcchopin.fr\\\/index.php\\\/pour-nous-trouver\\\/\"]}]},{\"@type\":\"ImageObject\",\"inLanguage\":\"fr-FR\",\"@id\":\"https:\\\/\\\/btsndrcchopin.fr\\\/index.php\\\/pour-nous-trouver\\\/#primaryimage\",\"url\":\"https:\\\/\\\/i0.wp.com\\\/btsndrcchopin.fr\\\/wp-content\\\/uploads\\\/2023\\\/11\\\/2dd75cf0-5bd3-4110-9ccc-a9588f5158c9-1.jpg?fit=1024%2C1024&ssl=1\",\"contentUrl\":\"https:\\\/\\\/i0.wp.com\\\/btsndrcchopin.fr\\\/wp-content\\\/uploads\\\/2023\\\/11\\\/2dd75cf0-5bd3-4110-9ccc-a9588f5158c9-1.jpg?fit=1024%2C1024&ssl=1\",\"width\":1024,\"height\":1024,\"caption\":\"BTS NDRC Chopin Nancy\"},{\"@type\":\"BreadcrumbList\",\"@id\":\"https:\\\/\\\/btsndrcchopin.fr\\\/index.php\\\/pour-nous-trouver\\\/#breadcrumb\",\"itemListElement\":[{\"@type\":\"ListItem\",\"position\":1,\"name\":\"Accueil\",\"item\":\"https:\\\/\\\/btsndrcchopin.fr\\\/\"},{\"@type\":\"ListItem\",\"position\":2,\"name\":\"POUR NOUS TROUVER ?\"}]},{\"@type\":\"WebSite\",\"@id\":\"https:\\\/\\\/btsndrcchopin.fr\\\/#website\",\"url\":\"https:\\\/\\\/btsndrcchopin.fr\\\/\",\"name\":\"BTS NDRC CHOPIN\",\"description\":\"L&#039;excellence commerciale au coeur du monde digital ! Rejoignez-nous !\",\"publisher\":{\"@id\":\"https:\\\/\\\/btsndrcchopin.fr\\\/#organization\"},\"potentialAction\":[{\"@type\":\"SearchAction\",\"target\":{\"@type\":\"EntryPoint\",\"urlTemplate\":\"https:\\\/\\\/btsndrcchopin.fr\\\/?s={search_term_string}\"},\"query-input\":{\"@type\":\"PropertyValueSpecification\",\"valueRequired\":true,\"valueName\":\"search_term_string\"}}],\"inLanguage\":\"fr-FR\"},{\"@type\":\"Organization\",\"@id\":\"https:\\\/\\\/btsndrcchopin.fr\\\/#organization\",\"name\":\"BTS NDRC CHOPIN\",\"url\":\"https:\\\/\\\/btsndrcchopin.fr\\\/\",\"logo\":{\"@type\":\"ImageObject\",\"inLanguage\":\"fr-FR\",\"@id\":\"https:\\\/\\\/btsndrcchopin.fr\\\/#\\\/schema\\\/logo\\\/image\\\/\",\"url\":\"https:\\\/\\\/i0.wp.com\\\/btsndrcchopin.fr\\\/wp-content\\\/uploads\\\/2026\\\/02\\\/cropped-NOUVEAU-LOGO-2026.png?fit=1023%2C1023&ssl=1\",\"contentUrl\":\"https:\\\/\\\/i0.wp.com\\\/btsndrcchopin.fr\\\/wp-content\\\/uploads\\\/2026\\\/02\\\/cropped-NOUVEAU-LOGO-2026.png?fit=1023%2C1023&ssl=1\",\"width\":1023,\"height\":1023,\"caption\":\"BTS NDRC CHOPIN\"},\"image\":{\"@id\":\"https:\\\/\\\/btsndrcchopin.fr\\\/#\\\/schema\\\/logo\\\/image\\\/\"},\"sameAs\":[\"https:\\\/\\\/www.linkedin.com\\\/in\\\/bts-ndrc-chopin-5430aa124\\\/\"]}]}<\/script>\n<!-- \/ Yoast SEO plugin. -->","yoast_head_json":{"title":"POUR NOUS TROUVER ? - BTS NDRC CHOPIN","description":"Pour nous trouver ? La section BTS NDRC \u00e0 CHOPIN, toutes les infos et plans dans cette page du site de la section NDRC.","robots":{"index":"index","follow":"follow","max-snippet":"max-snippet:-1","max-image-preview":"max-image-preview:large","max-video-preview":"max-video-preview:-1"},"canonical":"https:\/\/btsndrcchopin.fr\/index.php\/pour-nous-trouver\/","og_locale":"fr_FR","og_type":"article","og_title":"POUR NOUS TROUVER ? - BTS NDRC CHOPIN","og_description":"Pour nous trouver ? La section BTS NDRC \u00e0 CHOPIN, toutes les infos et plans dans cette page du site de la section NDRC.","og_url":"https:\/\/btsndrcchopin.fr\/index.php\/pour-nous-trouver\/","og_site_name":"BTS NDRC CHOPIN","article_modified_time":"2023-11-07T18:48:48+00:00","og_image":[{"width":1024,"height":1024,"url":"https:\/\/btsndrcchopin.fr\/wp-content\/uploads\/2023\/11\/2dd75cf0-5bd3-4110-9ccc-a9588f5158c9-1.jpg","type":"image\/jpeg"}],"twitter_card":"summary_large_image","twitter_misc":{"Dur\u00e9e de lecture estim\u00e9e":"3 minutes"},"schema":{"@context":"https:\/\/schema.org","@graph":[{"@type":"WebPage","@id":"https:\/\/btsndrcchopin.fr\/index.php\/pour-nous-trouver\/","url":"https:\/\/btsndrcchopin.fr\/index.php\/pour-nous-trouver\/","name":"POUR NOUS TROUVER ? - BTS NDRC CHOPIN","isPartOf":{"@id":"https:\/\/btsndrcchopin.fr\/#website"},"primaryImageOfPage":{"@id":"https:\/\/btsndrcchopin.fr\/index.php\/pour-nous-trouver\/#primaryimage"},"image":{"@id":"https:\/\/btsndrcchopin.fr\/index.php\/pour-nous-trouver\/#primaryimage"},"thumbnailUrl":"https:\/\/i0.wp.com\/btsndrcchopin.fr\/wp-content\/uploads\/2023\/11\/2dd75cf0-5bd3-4110-9ccc-a9588f5158c9-1.jpg?fit=1024%2C1024&ssl=1","datePublished":"2023-10-20T10:10:50+00:00","dateModified":"2023-11-07T18:48:48+00:00","description":"Pour nous trouver ? La section BTS NDRC \u00e0 CHOPIN, toutes les infos et plans dans cette page du site de la section NDRC.","breadcrumb":{"@id":"https:\/\/btsndrcchopin.fr\/index.php\/pour-nous-trouver\/#breadcrumb"},"inLanguage":"fr-FR","potentialAction":[{"@type":"ReadAction","target":["https:\/\/btsndrcchopin.fr\/index.php\/pour-nous-trouver\/"]}]},{"@type":"ImageObject","inLanguage":"fr-FR","@id":"https:\/\/btsndrcchopin.fr\/index.php\/pour-nous-trouver\/#primaryimage","url":"https:\/\/i0.wp.com\/btsndrcchopin.fr\/wp-content\/uploads\/2023\/11\/2dd75cf0-5bd3-4110-9ccc-a9588f5158c9-1.jpg?fit=1024%2C1024&ssl=1","contentUrl":"https:\/\/i0.wp.com\/btsndrcchopin.fr\/wp-content\/uploads\/2023\/11\/2dd75cf0-5bd3-4110-9ccc-a9588f5158c9-1.jpg?fit=1024%2C1024&ssl=1","width":1024,"height":1024,"caption":"BTS NDRC Chopin Nancy"},{"@type":"BreadcrumbList","@id":"https:\/\/btsndrcchopin.fr\/index.php\/pour-nous-trouver\/#breadcrumb","itemListElement":[{"@type":"ListItem","position":1,"name":"Accueil","item":"https:\/\/btsndrcchopin.fr\/"},{"@type":"ListItem","position":2,"name":"POUR NOUS TROUVER ?"}]},{"@type":"WebSite","@id":"https:\/\/btsndrcchopin.fr\/#website","url":"https:\/\/btsndrcchopin.fr\/","name":"BTS NDRC CHOPIN","description":"L&#039;excellence commerciale au coeur du monde digital ! Rejoignez-nous !","publisher":{"@id":"https:\/\/btsndrcchopin.fr\/#organization"},"potentialAction":[{"@type":"SearchAction","target":{"@type":"EntryPoint","urlTemplate":"https:\/\/btsndrcchopin.fr\/?s={search_term_string}"},"query-input":{"@type":"PropertyValueSpecification","valueRequired":true,"valueName":"search_term_string"}}],"inLanguage":"fr-FR"},{"@type":"Organization","@id":"https:\/\/btsndrcchopin.fr\/#organization","name":"BTS NDRC CHOPIN","url":"https:\/\/btsndrcchopin.fr\/","logo":{"@type":"ImageObject","inLanguage":"fr-FR","@id":"https:\/\/btsndrcchopin.fr\/#\/schema\/logo\/image\/","url":"https:\/\/i0.wp.com\/btsndrcchopin.fr\/wp-content\/uploads\/2026\/02\/cropped-NOUVEAU-LOGO-2026.png?fit=1023%2C1023&ssl=1","contentUrl":"https:\/\/i0.wp.com\/btsndrcchopin.fr\/wp-content\/uploads\/2026\/02\/cropped-NOUVEAU-LOGO-2026.png?fit=1023%2C1023&ssl=1","width":1023,"height":1023,"caption":"BTS NDRC CHOPIN"},"image":{"@id":"https:\/\/btsndrcchopin.fr\/#\/schema\/logo\/image\/"},"sameAs":["https:\/\/www.linkedin.com\/in\/bts-ndrc-chopin-5430aa124\/"]}]}},"jetpack_sharing_enabled":true,"_links":{"self":[{"href":"https:\/\/btsndrcchopin.fr\/index.php\/wp-json\/wp\/v2\/pages\/70","targetHints":{"allow":["GET"]}}],"collection":[{"href":"https:\/\/btsndrcchopin.fr\/index.php\/wp-json\/wp\/v2\/pages"}],"about":[{"href":"https:\/\/btsndrcchopin.fr\/index.php\/wp-json\/wp\/v2\/types\/page"}],"author":[{"embeddable":true,"href":"https:\/\/btsndrcchopin.fr\/index.php\/wp-json\/wp\/v2\/users\/1"}],"replies":[{"embeddable":true,"href":"https:\/\/btsndrcchopin.fr\/index.php\/wp-json\/wp\/v2\/comments?post=70"}],"version-history":[{"count":12,"href":"https:\/\/btsndrcchopin.fr\/index.php\/wp-json\/wp\/v2\/pages\/70\/revisions"}],"predecessor-version":[{"id":871,"href":"https:\/\/btsndrcchopin.fr\/index.php\/wp-json\/wp\/v2\/pages\/70\/revisions\/871"}],"wp:featuredmedia":[{"embeddable":true,"href":"https:\/\/btsndrcchopin.fr\/index.php\/wp-json\/wp\/v2\/media\/821"}],"wp:attachment":[{"href":"https:\/\/btsndrcchopin.fr\/index.php\/wp-json\/wp\/v2\/media?parent=70"}],"curies":[{"name":"wp","href":"https:\/\/api.w.org\/{rel}","templated":true}]}}