{"id":750,"date":"2023-11-06T11:33:58","date_gmt":"2023-11-06T10:33:58","guid":{"rendered":"https:\/\/btsndrcchopin.fr\/?page_id=750"},"modified":"2023-11-15T20:01:25","modified_gmt":"2023-11-15T19:01:25","slug":"actualites-ndrc-chopin","status":"publish","type":"page","link":"https:\/\/btsndrcchopin.fr\/index.php\/actualites-ndrc-chopin\/","title":{"rendered":"ACTUALITES"},"content":{"rendered":"\n<p>Vous retrouverez ici des dizaines d&rsquo;articles repr\u00e9sentant les actualit\u00e9s de la section NDRC  du lyc\u00e9e Fr\u00e9d\u00e9ric Chopin.  Vous pourrez y retrouver tous les \u00e9v\u00e9nements qui ont marqu\u00e9 notre section et communaut\u00e9 scolaire au cours des diff\u00e9rentes ann\u00e9es.<\/p>\n\n\n\n<figure class=\"wp-block-image alignwide size-large\"><img data-recalc-dims=\"1\" loading=\"lazy\" decoding=\"async\" width=\"950\" height=\"713\" src=\"https:\/\/i0.wp.com\/btsndrcchopin.fr\/wp-content\/uploads\/2023\/11\/20231012_083206.jpg?resize=950%2C713&#038;ssl=1\" alt=\"\" class=\"wp-image-1502\" srcset=\"https:\/\/i0.wp.com\/btsndrcchopin.fr\/wp-content\/uploads\/2023\/11\/20231012_083206-scaled.jpg?resize=1024%2C768&amp;ssl=1 1024w, https:\/\/i0.wp.com\/btsndrcchopin.fr\/wp-content\/uploads\/2023\/11\/20231012_083206-scaled.jpg?resize=300%2C225&amp;ssl=1 300w, https:\/\/i0.wp.com\/btsndrcchopin.fr\/wp-content\/uploads\/2023\/11\/20231012_083206-scaled.jpg?resize=768%2C576&amp;ssl=1 768w, https:\/\/i0.wp.com\/btsndrcchopin.fr\/wp-content\/uploads\/2023\/11\/20231012_083206-scaled.jpg?resize=1536%2C1152&amp;ssl=1 1536w, https:\/\/i0.wp.com\/btsndrcchopin.fr\/wp-content\/uploads\/2023\/11\/20231012_083206-scaled.jpg?resize=2048%2C1536&amp;ssl=1 2048w, https:\/\/i0.wp.com\/btsndrcchopin.fr\/wp-content\/uploads\/2023\/11\/20231012_083206-scaled.jpg?resize=2000%2C1500&amp;ssl=1 2000w, https:\/\/i0.wp.com\/btsndrcchopin.fr\/wp-content\/uploads\/2023\/11\/20231012_083206-scaled.jpg?w=1900&amp;ssl=1 1900w\" sizes=\"auto, (max-width: 950px) 100vw, 950px\" \/><\/figure>\n\n\n\n<p> <\/p>\n\n\n\n<p>D\u00e9couvrez ci-dessous un aper\u00e7u de cette actualit\u00e9 : <\/p>\n\n\n\n<h2 class=\"wp-block-heading\"><a href=\"https:\/\/btsndrcchopin.fr\/index.php\/2023\/11\/05\/stephane-plaza-immobilier\/\" target=\"_blank\" rel=\"noreferrer noopener\">Actualit\u00e9s : <strong>Stages<\/strong><\/a><\/h2>\n\n\n\n<p>Vous pourrez avoir un aper\u00e7u des diff\u00e9rents terrains de stage et des activit\u00e9s professionnelles men\u00e9es.<\/p>\n\n\n\n<h2 class=\"wp-block-heading\"><a href=\"https:\/\/btsndrcchopin.fr\/index.php\/2023\/11\/10\/journee-dintegration\/\">Actualit\u00e9s : <strong>Journ\u00e9e d&rsquo;Int\u00e9gration<\/strong><\/a><\/h2>\n\n\n\n<p>Chaque ann\u00e9e, la journ\u00e9e d&rsquo;int\u00e9gration est un moment cl\u00e9 o\u00f9 les \u00e9l\u00e8ves de toutes les classes se rassemblent pour tisser des liens, renforcer l&rsquo;esprit d&rsquo;\u00e9quipe et cr\u00e9er des souvenirs durables. <\/p>\n\n\n\n<p>Au programme : jeux, ateliers, d\u00e9fis, et activit\u00e9s de sensibilisation. La Journ\u00e9e d&rsquo;Int\u00e9gration de cette ann\u00e9e a pour objectif de cr\u00e9er des amiti\u00e9s durables et une atmosph\u00e8re de camaraderie. <\/p>\n\n\n\n<h3 class=\"wp-block-heading\">Actualit\u00e9s : Raids commerciaux<\/h3>\n\n\n\n<p><strong>Raid commercial Chocolat <\/strong>: La vente annuelle de chocolat est une opportunit\u00e9 de collecte de fonds importante pour des projets . Gr\u00e2ce \u00e0 l&rsquo;engagement des \u00e9l\u00e8ves, des enseignants nous avons pu collecter des fonds pour financer un voyage. <\/p>\n\n\n\n<p><strong><a href=\"https:\/\/btsndrcchopin.fr\/index.php\/2023\/11\/10\/raid-thiriet\/\">Le raid Thiriet<\/a><\/strong>, men\u00e9es en partenariat avec l&rsquo;entreprise <a href=\"https:\/\/www.thiriet.com\/accueil\/accueil,1,1129.html?\">Thiriet<\/a>, nous permet de nous impliquer dans une d\u00e9marche commerciale en vente directe. <\/p>\n\n\n\n<h3 class=\"wp-block-heading\"><strong>Actualit\u00e9s :  Remise des dipl\u00f4me<\/strong>s  <\/h3>\n\n\n\n<p>Un moment tr\u00e8s important pour tous les  dipl\u00f4m\u00e9s du cycle BTS. Cette c\u00e9r\u00e9monie conviviale est l&rsquo;occasion de reconna\u00eetre leur r\u00e9ussite et les encourager \u00e0 poursuivre leur voyage vers le succ\u00e8s. <\/p>\n\n\n\n<p><strong>Pr\u00e9sentation des terrains de stage de chaque \u00e9tudiant<\/strong> : vous aurez un aper\u00e7u des entreprises d&rsquo;accueil et missions confi\u00e9es. <\/p>\n\n\n\n<p>bien d&rsquo;autres th\u00e9matiques seront abord\u00e9es<\/p>\n\n\n\n<p class=\"has-text-align-center has-medium-font-size\"><strong>VOUS SAUREZ TOUT SUR LA SECTION<\/strong> <\/p>\n\n\n\n<p><\/p>\n\n\n\n<p><strong>Donc , restez bien \u00e0 l&rsquo;\u00e9coute  de nos  actualit\u00e9<\/strong>s.<\/p>\n","protected":false},"excerpt":{"rendered":"<p>Vous retrouverez ici des dizaines d&rsquo;articles repr\u00e9sentant les actualit\u00e9s de la section NDRC du lyc\u00e9e Fr\u00e9d\u00e9ric Chopin. Vous pourrez y retrouver tous les \u00e9v\u00e9nements qui ont marqu\u00e9 notre section et communaut\u00e9 scolaire au cours des diff\u00e9rentes ann\u00e9es. D\u00e9couvrez ci-dessous un aper\u00e7u de cette actualit\u00e9 : Actualit\u00e9s : Stages Vous pourrez avoir un aper\u00e7u des diff\u00e9rents &hellip; <\/p>\n<p class=\"link-more\"><a href=\"https:\/\/btsndrcchopin.fr\/index.php\/actualites-ndrc-chopin\/\" class=\"more-link\">Lire la suite de<span class=\"screen-reader-text\">\u00ab\u00a0ACTUALITES\u00a0\u00bb<\/span><\/a><\/p>\n","protected":false},"author":1,"featured_media":850,"parent":0,"menu_order":0,"comment_status":"closed","ping_status":"closed","template":"","meta":{"jetpack_post_was_ever_published":false,"footnotes":""},"class_list":["post-750","page","type-page","status-publish","has-post-thumbnail","hentry"],"yoast_head":"<!-- This site is optimized with the Yoast SEO plugin v27.4 - https:\/\/yoast.com\/product\/yoast-seo-wordpress\/ -->\n<title>ACTUALITES - BTS NDRC CHOPIN<\/title>\n<meta name=\"description\" content=\"Actualit\u00e9s du BTS NDRC du lyc\u00e9e Fr\u00e9d\u00e9ric Chopin, Venez d\u00e9couvrir les actualit\u00e9s et les \u00e9v\u00e8nements du lyc\u00e9e !\" \/>\n<meta name=\"robots\" content=\"index, follow, max-snippet:-1, max-image-preview:large, max-video-preview:-1\" \/>\n<link rel=\"canonical\" href=\"https:\/\/btsndrcchopin.fr\/index.php\/actualites-ndrc-chopin\/\" \/>\n<meta property=\"og:locale\" content=\"fr_FR\" \/>\n<meta property=\"og:type\" content=\"article\" \/>\n<meta property=\"og:title\" content=\"ACTUALITES - BTS NDRC CHOPIN\" \/>\n<meta property=\"og:description\" content=\"Actualit\u00e9s du BTS NDRC du lyc\u00e9e Fr\u00e9d\u00e9ric Chopin, Venez d\u00e9couvrir les actualit\u00e9s et les \u00e9v\u00e8nements du lyc\u00e9e !\" \/>\n<meta property=\"og:url\" content=\"https:\/\/btsndrcchopin.fr\/index.php\/actualites-ndrc-chopin\/\" \/>\n<meta property=\"og:site_name\" content=\"BTS NDRC CHOPIN\" \/>\n<meta property=\"article:modified_time\" content=\"2023-11-15T19:01:25+00:00\" \/>\n<meta property=\"og:image\" content=\"https:\/\/btsndrcchopin.fr\/wp-content\/uploads\/2023\/11\/e34ba7a5-ab26-4234-9a65-74fbdbb0e7c2-1.jpg\" \/>\n\t<meta property=\"og:image:width\" content=\"1024\" \/>\n\t<meta property=\"og:image:height\" content=\"1024\" \/>\n\t<meta property=\"og:image:type\" content=\"image\/jpeg\" \/>\n<meta name=\"twitter:card\" content=\"summary_large_image\" \/>\n<meta name=\"twitter:label1\" content=\"Dur\u00e9e de lecture estim\u00e9e\" \/>\n\t<meta name=\"twitter:data1\" content=\"2 minutes\" \/>\n<script type=\"application\/ld+json\" class=\"yoast-schema-graph\">{\"@context\":\"https:\\\/\\\/schema.org\",\"@graph\":[{\"@type\":\"WebPage\",\"@id\":\"https:\\\/\\\/btsndrcchopin.fr\\\/index.php\\\/actualites-ndrc-chopin\\\/\",\"url\":\"https:\\\/\\\/btsndrcchopin.fr\\\/index.php\\\/actualites-ndrc-chopin\\\/\",\"name\":\"ACTUALITES - BTS NDRC CHOPIN\",\"isPartOf\":{\"@id\":\"https:\\\/\\\/btsndrcchopin.fr\\\/#website\"},\"primaryImageOfPage\":{\"@id\":\"https:\\\/\\\/btsndrcchopin.fr\\\/index.php\\\/actualites-ndrc-chopin\\\/#primaryimage\"},\"image\":{\"@id\":\"https:\\\/\\\/btsndrcchopin.fr\\\/index.php\\\/actualites-ndrc-chopin\\\/#primaryimage\"},\"thumbnailUrl\":\"https:\\\/\\\/i0.wp.com\\\/btsndrcchopin.fr\\\/wp-content\\\/uploads\\\/2023\\\/11\\\/e34ba7a5-ab26-4234-9a65-74fbdbb0e7c2-1.jpg?fit=1024%2C1024&ssl=1\",\"datePublished\":\"2023-11-06T10:33:58+00:00\",\"dateModified\":\"2023-11-15T19:01:25+00:00\",\"description\":\"Actualit\u00e9s du BTS NDRC du lyc\u00e9e Fr\u00e9d\u00e9ric Chopin, Venez d\u00e9couvrir les actualit\u00e9s et les \u00e9v\u00e8nements du lyc\u00e9e !\",\"breadcrumb\":{\"@id\":\"https:\\\/\\\/btsndrcchopin.fr\\\/index.php\\\/actualites-ndrc-chopin\\\/#breadcrumb\"},\"inLanguage\":\"fr-FR\",\"potentialAction\":[{\"@type\":\"ReadAction\",\"target\":[\"https:\\\/\\\/btsndrcchopin.fr\\\/index.php\\\/actualites-ndrc-chopin\\\/\"]}]},{\"@type\":\"ImageObject\",\"inLanguage\":\"fr-FR\",\"@id\":\"https:\\\/\\\/btsndrcchopin.fr\\\/index.php\\\/actualites-ndrc-chopin\\\/#primaryimage\",\"url\":\"https:\\\/\\\/i0.wp.com\\\/btsndrcchopin.fr\\\/wp-content\\\/uploads\\\/2023\\\/11\\\/e34ba7a5-ab26-4234-9a65-74fbdbb0e7c2-1.jpg?fit=1024%2C1024&ssl=1\",\"contentUrl\":\"https:\\\/\\\/i0.wp.com\\\/btsndrcchopin.fr\\\/wp-content\\\/uploads\\\/2023\\\/11\\\/e34ba7a5-ab26-4234-9a65-74fbdbb0e7c2-1.jpg?fit=1024%2C1024&ssl=1\",\"width\":1024,\"height\":1024,\"caption\":\"BTS NDRC Chopin Nancy\"},{\"@type\":\"BreadcrumbList\",\"@id\":\"https:\\\/\\\/btsndrcchopin.fr\\\/index.php\\\/actualites-ndrc-chopin\\\/#breadcrumb\",\"itemListElement\":[{\"@type\":\"ListItem\",\"position\":1,\"name\":\"Accueil\",\"item\":\"https:\\\/\\\/btsndrcchopin.fr\\\/\"},{\"@type\":\"ListItem\",\"position\":2,\"name\":\"ACTUALITES\"}]},{\"@type\":\"WebSite\",\"@id\":\"https:\\\/\\\/btsndrcchopin.fr\\\/#website\",\"url\":\"https:\\\/\\\/btsndrcchopin.fr\\\/\",\"name\":\"BTS NDRC CHOPIN\",\"description\":\"L&#039;excellence commerciale au coeur du monde digital ! Rejoignez-nous !\",\"publisher\":{\"@id\":\"https:\\\/\\\/btsndrcchopin.fr\\\/#organization\"},\"potentialAction\":[{\"@type\":\"SearchAction\",\"target\":{\"@type\":\"EntryPoint\",\"urlTemplate\":\"https:\\\/\\\/btsndrcchopin.fr\\\/?s={search_term_string}\"},\"query-input\":{\"@type\":\"PropertyValueSpecification\",\"valueRequired\":true,\"valueName\":\"search_term_string\"}}],\"inLanguage\":\"fr-FR\"},{\"@type\":\"Organization\",\"@id\":\"https:\\\/\\\/btsndrcchopin.fr\\\/#organization\",\"name\":\"BTS NDRC CHOPIN\",\"url\":\"https:\\\/\\\/btsndrcchopin.fr\\\/\",\"logo\":{\"@type\":\"ImageObject\",\"inLanguage\":\"fr-FR\",\"@id\":\"https:\\\/\\\/btsndrcchopin.fr\\\/#\\\/schema\\\/logo\\\/image\\\/\",\"url\":\"https:\\\/\\\/i0.wp.com\\\/btsndrcchopin.fr\\\/wp-content\\\/uploads\\\/2026\\\/02\\\/cropped-NOUVEAU-LOGO-2026.png?fit=1023%2C1023&ssl=1\",\"contentUrl\":\"https:\\\/\\\/i0.wp.com\\\/btsndrcchopin.fr\\\/wp-content\\\/uploads\\\/2026\\\/02\\\/cropped-NOUVEAU-LOGO-2026.png?fit=1023%2C1023&ssl=1\",\"width\":1023,\"height\":1023,\"caption\":\"BTS NDRC CHOPIN\"},\"image\":{\"@id\":\"https:\\\/\\\/btsndrcchopin.fr\\\/#\\\/schema\\\/logo\\\/image\\\/\"},\"sameAs\":[\"https:\\\/\\\/www.linkedin.com\\\/in\\\/bts-ndrc-chopin-5430aa124\\\/\"]}]}<\/script>\n<!-- \/ Yoast SEO plugin. -->","yoast_head_json":{"title":"ACTUALITES - BTS NDRC CHOPIN","description":"Actualit\u00e9s du BTS NDRC du lyc\u00e9e Fr\u00e9d\u00e9ric Chopin, Venez d\u00e9couvrir les actualit\u00e9s et les \u00e9v\u00e8nements du lyc\u00e9e !","robots":{"index":"index","follow":"follow","max-snippet":"max-snippet:-1","max-image-preview":"max-image-preview:large","max-video-preview":"max-video-preview:-1"},"canonical":"https:\/\/btsndrcchopin.fr\/index.php\/actualites-ndrc-chopin\/","og_locale":"fr_FR","og_type":"article","og_title":"ACTUALITES - BTS NDRC CHOPIN","og_description":"Actualit\u00e9s du BTS NDRC du lyc\u00e9e Fr\u00e9d\u00e9ric Chopin, Venez d\u00e9couvrir les actualit\u00e9s et les \u00e9v\u00e8nements du lyc\u00e9e !","og_url":"https:\/\/btsndrcchopin.fr\/index.php\/actualites-ndrc-chopin\/","og_site_name":"BTS NDRC CHOPIN","article_modified_time":"2023-11-15T19:01:25+00:00","og_image":[{"width":1024,"height":1024,"url":"https:\/\/btsndrcchopin.fr\/wp-content\/uploads\/2023\/11\/e34ba7a5-ab26-4234-9a65-74fbdbb0e7c2-1.jpg","type":"image\/jpeg"}],"twitter_card":"summary_large_image","twitter_misc":{"Dur\u00e9e de lecture estim\u00e9e":"2 minutes"},"schema":{"@context":"https:\/\/schema.org","@graph":[{"@type":"WebPage","@id":"https:\/\/btsndrcchopin.fr\/index.php\/actualites-ndrc-chopin\/","url":"https:\/\/btsndrcchopin.fr\/index.php\/actualites-ndrc-chopin\/","name":"ACTUALITES - BTS NDRC CHOPIN","isPartOf":{"@id":"https:\/\/btsndrcchopin.fr\/#website"},"primaryImageOfPage":{"@id":"https:\/\/btsndrcchopin.fr\/index.php\/actualites-ndrc-chopin\/#primaryimage"},"image":{"@id":"https:\/\/btsndrcchopin.fr\/index.php\/actualites-ndrc-chopin\/#primaryimage"},"thumbnailUrl":"https:\/\/i0.wp.com\/btsndrcchopin.fr\/wp-content\/uploads\/2023\/11\/e34ba7a5-ab26-4234-9a65-74fbdbb0e7c2-1.jpg?fit=1024%2C1024&ssl=1","datePublished":"2023-11-06T10:33:58+00:00","dateModified":"2023-11-15T19:01:25+00:00","description":"Actualit\u00e9s du BTS NDRC du lyc\u00e9e Fr\u00e9d\u00e9ric Chopin, Venez d\u00e9couvrir les actualit\u00e9s et les \u00e9v\u00e8nements du lyc\u00e9e !","breadcrumb":{"@id":"https:\/\/btsndrcchopin.fr\/index.php\/actualites-ndrc-chopin\/#breadcrumb"},"inLanguage":"fr-FR","potentialAction":[{"@type":"ReadAction","target":["https:\/\/btsndrcchopin.fr\/index.php\/actualites-ndrc-chopin\/"]}]},{"@type":"ImageObject","inLanguage":"fr-FR","@id":"https:\/\/btsndrcchopin.fr\/index.php\/actualites-ndrc-chopin\/#primaryimage","url":"https:\/\/i0.wp.com\/btsndrcchopin.fr\/wp-content\/uploads\/2023\/11\/e34ba7a5-ab26-4234-9a65-74fbdbb0e7c2-1.jpg?fit=1024%2C1024&ssl=1","contentUrl":"https:\/\/i0.wp.com\/btsndrcchopin.fr\/wp-content\/uploads\/2023\/11\/e34ba7a5-ab26-4234-9a65-74fbdbb0e7c2-1.jpg?fit=1024%2C1024&ssl=1","width":1024,"height":1024,"caption":"BTS NDRC Chopin Nancy"},{"@type":"BreadcrumbList","@id":"https:\/\/btsndrcchopin.fr\/index.php\/actualites-ndrc-chopin\/#breadcrumb","itemListElement":[{"@type":"ListItem","position":1,"name":"Accueil","item":"https:\/\/btsndrcchopin.fr\/"},{"@type":"ListItem","position":2,"name":"ACTUALITES"}]},{"@type":"WebSite","@id":"https:\/\/btsndrcchopin.fr\/#website","url":"https:\/\/btsndrcchopin.fr\/","name":"BTS NDRC CHOPIN","description":"L&#039;excellence commerciale au coeur du monde digital ! Rejoignez-nous !","publisher":{"@id":"https:\/\/btsndrcchopin.fr\/#organization"},"potentialAction":[{"@type":"SearchAction","target":{"@type":"EntryPoint","urlTemplate":"https:\/\/btsndrcchopin.fr\/?s={search_term_string}"},"query-input":{"@type":"PropertyValueSpecification","valueRequired":true,"valueName":"search_term_string"}}],"inLanguage":"fr-FR"},{"@type":"Organization","@id":"https:\/\/btsndrcchopin.fr\/#organization","name":"BTS NDRC CHOPIN","url":"https:\/\/btsndrcchopin.fr\/","logo":{"@type":"ImageObject","inLanguage":"fr-FR","@id":"https:\/\/btsndrcchopin.fr\/#\/schema\/logo\/image\/","url":"https:\/\/i0.wp.com\/btsndrcchopin.fr\/wp-content\/uploads\/2026\/02\/cropped-NOUVEAU-LOGO-2026.png?fit=1023%2C1023&ssl=1","contentUrl":"https:\/\/i0.wp.com\/btsndrcchopin.fr\/wp-content\/uploads\/2026\/02\/cropped-NOUVEAU-LOGO-2026.png?fit=1023%2C1023&ssl=1","width":1023,"height":1023,"caption":"BTS NDRC CHOPIN"},"image":{"@id":"https:\/\/btsndrcchopin.fr\/#\/schema\/logo\/image\/"},"sameAs":["https:\/\/www.linkedin.com\/in\/bts-ndrc-chopin-5430aa124\/"]}]}},"jetpack_sharing_enabled":true,"_links":{"self":[{"href":"https:\/\/btsndrcchopin.fr\/index.php\/wp-json\/wp\/v2\/pages\/750","targetHints":{"allow":["GET"]}}],"collection":[{"href":"https:\/\/btsndrcchopin.fr\/index.php\/wp-json\/wp\/v2\/pages"}],"about":[{"href":"https:\/\/btsndrcchopin.fr\/index.php\/wp-json\/wp\/v2\/types\/page"}],"author":[{"embeddable":true,"href":"https:\/\/btsndrcchopin.fr\/index.php\/wp-json\/wp\/v2\/users\/1"}],"replies":[{"embeddable":true,"href":"https:\/\/btsndrcchopin.fr\/index.php\/wp-json\/wp\/v2\/comments?post=750"}],"version-history":[{"count":8,"href":"https:\/\/btsndrcchopin.fr\/index.php\/wp-json\/wp\/v2\/pages\/750\/revisions"}],"predecessor-version":[{"id":1503,"href":"https:\/\/btsndrcchopin.fr\/index.php\/wp-json\/wp\/v2\/pages\/750\/revisions\/1503"}],"wp:featuredmedia":[{"embeddable":true,"href":"https:\/\/btsndrcchopin.fr\/index.php\/wp-json\/wp\/v2\/media\/850"}],"wp:attachment":[{"href":"https:\/\/btsndrcchopin.fr\/index.php\/wp-json\/wp\/v2\/media?parent=750"}],"curies":[{"name":"wp","href":"https:\/\/api.w.org\/{rel}","templated":true}]}}